{"id":2758,"date":"2019-10-21T09:36:19","date_gmt":"2019-10-21T07:36:19","guid":{"rendered":"https:\/\/greenuso.com\/blog\/elementor-14\/"},"modified":"2022-10-25T11:48:26","modified_gmt":"2022-10-25T09:48:26","slug":"elementor-14","status":"publish","type":"page","link":"https:\/\/www.greenuso.com\/blog\/de\/elementor-14\/","title":{"rendered":"BLOG MONOUSO"},"content":{"rendered":"\n<p class=\"wp-block-paragraph\">Wir f\u00f6rdern die Nachhaltigkeit im Gastgewerbe und haben deshalb unsere Marke Greenuso eingef\u00fchrt. Indem wir uns um den Vertrieb umweltfreundlicher Verpackungen k\u00fcmmerten, gelang es uns, die Umweltauswirkungen erheblich zu verringern. Um dies zu erreichen, konzentrieren wir uns darauf, eine breite Palette an umweltfreundlichen Verpackungen aus nat\u00fcrlichen Rohstoffen anzubieten.<\/p>\n\n\n\n<h2 class=\"wp-block-heading\"><a style=\"color:white\" href=\"https:\/\/greenuso.com\/blog\/de\/nachrichten\/\" target=\"_blank\" rel=\"noopener\">\ud83d\udcf0 \u00d6kologische Nachrichten<\/a><\/h2>\n\n\n\n\n\n<div class=\"wp-block-column is-layout-flow wp-block-column-is-layout-flow\">\n<div class=\"wp-block-atomic-blocks-ab-cta ab-block-cta\" style=\"text-align: center;\">\n<div class=\"ab-cta-content\">\n<div class=\"ab-cta-text ab-font-size-32\" style=\"color: #32373c;\">\n<p>Unsere Produkte reichen von Einweg-Getr\u00e4nkebechern, Geschirr und Lebensmittelkartons bis hin zu M\u00fcllbeuteln, Cateringboxen und Tragetaschen. Unsere Produktpalette ist umfangreich und wird st\u00e4ndig erweitert, um sicherzustellen, dass wir stets auf die Bed\u00fcrfnisse und W\u00fcnsche unserer Kunden eingehen. Profitieren Sie von einer starken und erkennbaren Marke und einer klaren Geschichte.<\/p>\n<\/div>\n<\/div>\n<\/div>\n<\/div>\n\n\n<p><!-- \/wp:post-content --><\/p>\n<div class=\"wp-block-column\"><!-- wp:atomic-blocks\/ab-cta {\"buttonText\":\" \ud83d\udcdd Contacta con nosotros\",\"buttonBackgroundColor\":\"#00d084\"} \/--><\/div>\n<p><!-- \/wp:column --><\/p>\n<p><!-- \/wp:columns --><\/p>\n<p><!-- wp:heading {\"align\":\"center\"} --><\/p>\n<h2 class=\"has-text-align-center\">\u00d6kologische Materialien<\/h2>\n<p><!-- \/wp:heading --><\/p>\n<p><!-- wp:paragraph --><\/p>\n<p>Wir erkl\u00e4ren Ihnen kurz die \u00f6kologischen Materialien, die Sie in unseren Produkten finden k\u00f6nnen und die zu einer besseren Welt beitragen. Sie k\u00f6nnen auf jedes Material klicken, um seine Beschreibung anzuzeigen.<\/p>\n<p><!-- \/wp:paragraph --><\/p>\n<p><!-- wp:atomic-blocks\/ab-accordion --><\/p>\n<div class=\"wp-block-atomic-blocks-ab-accordion ab-block-accordion\">\n<details>\n<summary class=\"ab-accordion-title\">Bagazo<\/summary>\n<div class=\"ab-accordion-text\">\n<p>Bagasse, auch als Zuckerrohrschnitzel bekannt, ist die Abfallfaser aus der Rohrzuckerproduktion. Der hohe Zellulosegehalt macht Bagasse zu einem extrem festen Material, das Temperaturen von bis zu 100 Grad Celsius sowohl in konventionellen als auch in Mikrowellen\u00f6fen aushalten kann.<\/p>\n<p><!-- \/wp:paragraph --><\/p>\n<\/div>\n<\/details>\n<\/div>\n<p><!-- \/wp:atomic-blocks\/ab-accordion --><\/p>\n<p><!-- wp:atomic-blocks\/ab-accordion --><\/p>\n<div class=\"wp-block-atomic-blocks-ab-accordion ab-block-accordion\">\n<details>\n<summary class=\"ab-accordion-title\">Pappe<\/summary>\n<div class=\"ab-accordion-text\">\n<p>Unser Karton wird aus prim\u00e4ren Holzfasern hergestellt. Das Ergebnis ist ein ideales Monomaterial f\u00fcr das Recycling. Greenuso\u00ae-Kartonprodukte k\u00f6nnen mit dem Altpapier entsorgt werden.<\/p>\n<p><!-- \/wp:paragraph --><\/p>\n<\/div>\n<\/details>\n<\/div>\n<p><!-- \/wp:atomic-blocks\/ab-accordion --><\/p>\n<p><!-- wp:atomic-blocks\/ab-accordion --><\/p>\n<div class=\"wp-block-atomic-blocks-ab-accordion ab-block-accordion\">\n<details>\n<summary class=\"ab-accordion-title\">PLA<\/summary>\n<div class=\"ab-accordion-text\">\n<p>Ein biologischer Kunststoff aus St\u00e4rke Die hitzebest\u00e4ndige Version (bis zu 85 Grad Celsius) von PLA ist C-PLA. C-PLA ist aufgrund der Zugabe von Kreide wei\u00df. Da sowohl PLA als auch C-PLA in einer industriellen Kompostierungsanlage biologisch abbaubar sind, tragen Artikel aus diesen Materialien das S\u00e4mlingslogo.<\/p>\n<p><!-- \/wp:paragraph --><\/p>\n<\/div>\n<\/details>\n<\/div>\n<p><!-- \/wp:atomic-blocks\/ab-accordion --><\/p>\n<p><!-- wp:atomic-blocks\/ab-accordion --><\/p>\n<div class=\"wp-block-atomic-blocks-ab-accordion ab-block-accordion\">\n<details>\n<summary class=\"ab-accordion-title\">Kompostierbare Biokunststoffe<\/summary>\n<div class=\"ab-accordion-text\">\n<p>Biokunststoffe ist die Sammelbezeichnung f\u00fcr verschiedene Arten von Kunststoffen aus Pflanzen. Greenuso\u00ae Biokunststoffe tragen das Seedling-Logo und das kompostierbare Logo. Das bedeutet, dass die Produkte entweder in einer Industrieanlage oder in einer Gartenabfalltonne kompostiert werden k\u00f6nnen.<\/p>\n<p><!-- \/wp:paragraph --><\/p>\n<\/div>\n<\/details>\n<\/div>\n<p><!-- \/wp:atomic-blocks\/ab-accordion --><\/p>\n<p><!-- wp:atomic-blocks\/ab-accordion --><\/p>\n<div class=\"wp-block-atomic-blocks-ab-accordion ab-block-accordion\">\n<details>\n<summary class=\"ab-accordion-title\">Kraftpapier<\/summary>\n<div class=\"ab-accordion-text\">\n<p>Kraftpapier wird aus ungebleichtem FSC\u00ae-Papier hergestellt. Das braune Material hat ein nat\u00fcrliches Aussehen und l\u00e4sst sich leicht kompostieren. Um das Kraftpapier feuchtigkeits- und fettbest\u00e4ndig zu machen, wird eine PLA-Beschichtung aufgetragen.<\/p>\n<p><!-- \/wp:paragraph --><\/p>\n<\/div>\n<\/details>\n<\/div>\n<p><!-- \/wp:atomic-blocks\/ab-accordion --><\/p>\n<p><!-- wp:atomic-blocks\/ab-accordion --><\/p>\n<div class=\"wp-block-atomic-blocks-ab-accordion ab-block-accordion\">\n<details>\n<summary class=\"ab-accordion-title\">Papiermasse<\/summary>\n<div class=\"ab-accordion-text\">\n<p>Der Zellstoff wird aus Recyclingpapier und -karton hergestellt. Nach Gebrauch kann dieses Material mit dem Altpapier entsorgt werden.<\/p>\n<p><!-- \/wp:paragraph --><\/p>\n<\/div>\n<\/details>\n<\/div>\n<p><!-- \/wp:atomic-blocks\/ab-accordion --><\/p>\n<p><!-- wp:atomic-blocks\/ab-accordion --><\/p>\n<div class=\"wp-block-atomic-blocks-ab-accordion ab-block-accordion\">\n<details>\n<summary class=\"ab-accordion-title\">Palmenblatt<\/summary>\n<div class=\"ab-accordion-text\">\n<p>In der Vergangenheit wurden Palmenbl\u00e4tter verbrannt. Heute hat dieses au\u00dfergew\u00f6hnliche Produkt ein neues Leben als Verpackungsmaterial. Dank der nat\u00fcrlichen Variation der Palmbl\u00e4tter ist jeder Artikel ein Unikat.<\/p>\n<p><!-- \/wp:paragraph --><\/p>\n<\/div>\n<\/details>\n<\/div>\n<p><!-- \/wp:atomic-blocks\/ab-accordion --><\/p>\n<p><!-- wp:atomic-blocks\/ab-accordion --><\/p>\n<div class=\"wp-block-atomic-blocks-ab-accordion ab-block-accordion\">\n<details>\n<summary class=\"ab-accordion-title\">Holz<\/summary>\n<div class=\"ab-accordion-text\">\n<p>Wir verwenden haupts\u00e4chlich FSC\u00ae-zertifiziertes Holz aus verantwortungsvoll bewirtschafteten W\u00e4ldern. Das Holz ist sehr widerstandsf\u00e4hig, h\u00e4lt Temperaturen von bis zu 100 oC in einem konventionellen oder Mikrowellenofen aus und kann auch in den Gefrierschrank gelegt werden.<\/p>\n<p><!-- \/wp:paragraph --><\/p>\n<\/div>\n<\/details>\n<\/div>\n<p><!-- \/wp:atomic-blocks\/ab-accordion --><\/p>\n<p><!-- wp:atomic-blocks\/ab-accordion --><\/p>\n<div class=\"wp-block-atomic-blocks-ab-accordion ab-block-accordion\">\n<details>\n<summary class=\"ab-accordion-title\">Bambus<\/summary>\n<div class=\"ab-accordion-text\">\n<p>Das schnelle Wachstum von Bambus macht ihn zu einem geeigneten Rohstoff. Alle unsere Bambusprodukte sind FSC\u00ae-zertifiziert und kompostierbar. Bambusprodukte sind au\u00dferdem sehr stark, geschmacksneutral, fettund wasserfest und k\u00f6nnen Temperaturen bis zu 200 oC in einem konventionellen oder Mikrowellenofen standhalten.<\/p>\n<p><!-- \/wp:paragraph --><\/p>\n<\/div>\n<\/details>\n<\/div>\n<p><!-- \/wp:atomic-blocks\/ab-accordion --><\/p>\n<p><!-- wp:heading {\"align\":\"center\"} --><\/p>\n<h2 class=\"has-text-align-center\">\ud83d\udcd6 Zertifizierungen \ud83e\udd47<\/h2>\n<div class=\"wp-block-columns\">\n<div class=\"wp-block-column\">\n<div class=\"wp-block-image\">\n<figure class=\"aligncenter size-large is-resized\"><img loading=\"lazy\" decoding=\"async\" class=\"wp-image-3570\" src=\"https:\/\/greenuso.com\/blog\/wp-content\/uploads\/2019\/10\/TUV-AUSTRIA-OK-COMPOST-HOME.jpg\" alt=\"TUV AUSTRIA OK COMPOST HOME\" width=\"161\" height=\"121\" srcset=\"https:\/\/www.greenuso.com\/blog\/wp-content\/uploads\/2019\/10\/TUV-AUSTRIA-OK-COMPOST-HOME.jpg 200w, https:\/\/www.greenuso.com\/blog\/wp-content\/uploads\/2019\/10\/TUV-AUSTRIA-OK-COMPOST-HOME-75x56.jpg 75w, https:\/\/www.greenuso.com\/blog\/wp-content\/uploads\/2019\/10\/TUV-AUSTRIA-OK-COMPOST-HOME-150x113.jpg 150w\" sizes=\"auto, (max-width: 161px) 100vw, 161px\" \/><\/figure>\n<\/div>\n<p><!-- \/wp:image --><\/p>\n<p><!-- wp:heading {\"align\":\"center\",\"level\":3} --><\/p>\n<h3 class=\"has-text-align-center\">OK Home Kompost TUV \u00d6sterreich<\/h3>\n<p><!-- \/wp:heading --><\/p>\n<p><!-- wp:paragraph --><\/p>\n<p>Der T\u00dcV \u00d6STERREICH verf\u00fcgt \u00fcber ein anerkanntes Zertifizierungsprogramm f\u00fcr das organische Recycling im Haushalt. Beh\u00e4lter und Einwegartikel mit dem TUV AUSTRIA OK COMPOST HOME-Logo sind f\u00fcr die Heimkompostierung geeignet.<\/p>\n<p><!-- \/wp:paragraph --><\/p>\n<p><!-- wp:image {\"align\":\"center\",\"id\":461,\"width\":119,\"height\":88,\"sizeSlug\":\"large\"} --><\/p>\n<div class=\"wp-block-image\">\n<figure class=\"aligncenter size-large is-resized\"><img loading=\"lazy\" decoding=\"async\" class=\"wp-image-3582\" src=\"https:\/\/greenuso.com\/blog\/wp-content\/uploads\/2019\/10\/Seedling-logo.jpg\" alt=\"Seedling logo\" width=\"119\" height=\"88\" srcset=\"https:\/\/www.greenuso.com\/blog\/wp-content\/uploads\/2019\/10\/Seedling-logo.jpg 200w, https:\/\/www.greenuso.com\/blog\/wp-content\/uploads\/2019\/10\/Seedling-logo-75x56.jpg 75w\" sizes=\"auto, (max-width: 119px) 100vw, 119px\" \/><\/figure>\n<\/div>\n<p><!-- \/wp:image --><\/p>\n<p><!-- wp:heading {\"align\":\"center\",\"level\":3} --><\/p>\n<h3 class=\"has-text-align-center\">S\u00e4mlings-Logo<\/h3>\n<p><!-- \/wp:heading --><\/p>\n<p><!-- wp:paragraph --><\/p>\n<p>Kompostierbare Verpackungsmaterialien sind Materialien, die der EN 13432 entsprechen. Nur EN 13432-zertifizierte Verpackungen und Einwegartikel d\u00fcrfen das S\u00e4mlingslogo und\/oder das OK COMPOST-Logo verwenden. Beide Logos zeigen, dass das Produkt in einer industriellen Umgebung kompostiert werden kann.<\/p>\n<p><!-- \/wp:paragraph --><\/p>\n<\/div>\n<p><!-- \/wp:column --><\/p>\n<p><!-- wp:column --><\/p>\n<div class=\"wp-block-column\"><!-- wp:image {\"align\":\"center\",\"id\":460,\"width\":154,\"height\":114,\"sizeSlug\":\"large\"} --><p><\/p>\n<div class=\"wp-block-image\">\n<figure class=\"aligncenter size-large is-resized\"><img loading=\"lazy\" decoding=\"async\" class=\"wp-image-3576\" src=\"https:\/\/greenuso.com\/blog\/wp-content\/uploads\/2019\/10\/TUV-AUSTRIA-OK-COMPOST-LOGO.jpg\" alt=\"TUV AUSTRIA OK COMPOST LOGO\" width=\"154\" height=\"114\"><\/figure>\n<\/div>\n<p><!-- \/wp:image --><\/p>\n<p><!-- wp:heading {\"align\":\"center\",\"level\":3} --><\/p>\n<h3 class=\"has-text-align-center\">OK Industriekompost TUV \u00d6sterreich<\/h3>\n<p><!-- \/wp:heading --><\/p>\n<p><!-- wp:paragraph --><\/p>\n<p>Kompostierbare Verpackungsmaterialien sind Materialien, die der EN 13432 entsprechen. Nur Verpackungen und Einwegartikel, die nach EN 13432 zertifiziert wurden, d\u00fcrfen den Keimling und\/oder das T\u00dcV AUSTRIA OK COMPOST-Logo verwenden. Beide Logos zeigen, dass das Produkt industriell kompostierbar ist.<\/p>\n<p><!-- \/wp:paragraph --><\/p>\n<p><!-- wp:image {\"align\":\"center\",\"id\":462,\"width\":180,\"height\":134,\"sizeSlug\":\"large\"} --><\/p>\n<div class=\"wp-block-image\">\n<figure class=\"aligncenter size-large is-resized\"><img loading=\"lazy\" decoding=\"async\" class=\"wp-image-3588\" src=\"https:\/\/greenuso.com\/blog\/wp-content\/uploads\/2019\/10\/FSC-certified.jpg\" alt=\"FSC certified\" width=\"180\" height=\"134\" srcset=\"https:\/\/www.greenuso.com\/blog\/wp-content\/uploads\/2019\/10\/FSC-certified.jpg 200w, https:\/\/www.greenuso.com\/blog\/wp-content\/uploads\/2019\/10\/FSC-certified-75x56.jpg 75w, https:\/\/www.greenuso.com\/blog\/wp-content\/uploads\/2019\/10\/FSC-certified-150x113.jpg 150w\" sizes=\"auto, (max-width: 180px) 100vw, 180px\" \/><\/figure>\n<\/div>\n<p><!-- \/wp:image --><\/p>\n<p><!-- wp:heading {\"align\":\"center\",\"level\":3} --><\/p>\n<h3 class=\"has-text-align-center\">FSC UND PEFC<\/h3>\n<p><!-- \/wp:heading --><\/p>\n<p><!-- wp:paragraph --><\/p>\n<p>FSC-zertifizierte Produkte werden aus Holz und holzverwandten Rohstoffen wie Papier und Karton hergestellt, die aus nachhaltig bewirtschafteten W\u00e4ldern stammen.<\/p>\n<p><!-- \/wp:paragraph --><\/p>\n<\/div>\n<p><!-- \/wp:column --><\/p>\n<\/div>\n<p><!-- \/wp:columns --><\/p>\n<p><!-- wp:columns --><\/p>\n<div class=\"wp-block-columns\"><!-- wp:column --><p><\/p>\n<div class=\"wp-block-column\"><!-- wp:image {\"align\":\"center\",\"id\":48,\"sizeSlug\":\"large\",\"className\":\"is-style-circle-mask\"} --><p><\/p>\n<div class=\"wp-block-image is-style-circle-mask\">\n<figure class=\"aligncenter size-large\"><\/figure>\n<\/div>\n<p><!-- \/wp:image --><\/p>\n<\/div>\n<p><!-- \/wp:column --><\/p>\n<p><!-- wp:column --><\/p>\n<div class=\"wp-block-column\"><!-- wp:heading {\"level\":3} --><p><\/p>\n<h3>Verpflegung<\/h3>\n<p><!-- \/wp:heading --><\/p>\n<p><!-- wp:paragraph --><\/p>\n<p>Greenuso\u00ae-Produkte sind unverzichtbar f\u00fcr Fachleute aus der Gastronomie, die Wert auf Authentizit\u00e4t und nat\u00fcrliche Reinheit legen. Biodore\u00ae ist auch der Sch\u00f6pfer von nat\u00fcrlichen Umgebungen bei Festivals und Veranstaltungen. Versuchen Sie, die Natur zu erleben!<\/p>\n<p><!-- \/wp:paragraph --><\/p>\n<\/div>\n<p><!-- \/wp:column --><\/p>\n<\/div>\n<p><!-- \/wp:columns --><\/p>\n<p><!-- wp:columns --><\/p>\n<div class=\"wp-block-columns\"><!-- wp:column --><p><\/p>\n<div class=\"wp-block-column\"><!-- wp:heading {\"level\":3} --><p><\/p>\n<h3>B\u00fcro \/ Einrichtungen<\/h3>\n<p><!-- \/wp:heading --><\/p>\n<p><!-- wp:paragraph --><\/p>\n<p>Die Verpackung ist eine ausgezeichnete M\u00f6glichkeit, Ihre soziale Verantwortung als Unternehmen zu kommunizieren. Greenuso\u00ae kann helfen. Lassen Sie Ihre Mitarbeiter und Kunden sehen, dass Sie sich mit der Natur und der Gesellschaft besch\u00e4ftigen.<\/p>\n<p><!-- \/wp:paragraph --><\/p>\n<\/div>\n<p><!-- \/wp:column --><\/p>\n<p><!-- wp:column --><\/p>\n<div class=\"wp-block-column\"><!-- wp:image {\"align\":\"center\",\"id\":1365,\"width\":370,\"height\":157,\"sizeSlug\":\"large\",\"className\":\"is-style-circle-mask\"} --><p><\/p>\n<div class=\"wp-block-image is-style-circle-mask\">\n<figure class=\"aligncenter size-large is-resized\"><\/figure>\n<\/div>\n<p><!-- \/wp:image --><\/p>\n<\/div>\n<p><!-- \/wp:column --><\/p>\n<\/div>\n<p><!-- \/wp:columns --><\/p>\n<p><!-- wp:columns --><\/p>\n<div class=\"wp-block-columns\"><!-- wp:column --><p><\/p>\n<div class=\"wp-block-column\"><!-- wp:image {\"align\":\"center\",\"id\":46,\"sizeSlug\":\"large\",\"className\":\"is-style-circle-mask\"} --><p><\/p>\n<div class=\"wp-block-image is-style-circle-mask\">\n<figure class=\"aligncenter size-large\"><\/figure>\n<\/div>\n<p><!-- \/wp:image --><\/p>\n<\/div>\n<p><!-- \/wp:column --><\/p>\n<p><!-- wp:column --><\/p>\n<div class=\"wp-block-column\"><!-- wp:heading {\"level\":3} --><p><\/p>\n<h3>Einzelhandel<\/h3>\n<p><!-- \/wp:heading --><\/p>\n<p><!-- wp:paragraph --><\/p>\n<p>Wir bieten eine Reihe von Einzelhandelspaketen speziell f\u00fcr den Direktverkauf an Verbraucher an. Wir beraten Sie gerne bei der optimalen Regalpr\u00e4sentation und helfen Ihnen bei (saisonalen) Kampagnen.<\/p>\n<p><!-- \/wp:paragraph --><\/p>\n<\/div>\n<p><!-- \/wp:column --><\/p>\n<\/div>\n<p><!-- \/wp:columns --><\/p>\n<p><!-- wp:columns --><\/p>\n<div class=\"wp-block-columns\"><!-- wp:column --><p><\/p>\n<div class=\"wp-block-column\"><!-- wp:heading {\"level\":3} --><p><\/p>\n<h3>Einzelhandel mit Non-Food-Produkten<\/h3>\n<p><!-- \/wp:heading --><\/p>\n<p><!-- wp:paragraph --><\/p>\n<p>Nicht-Lebensmittel haben eine Vorliebe f\u00fcr Verpackungen. Wir sehen Greenuso\u00ae-Produkte regelm\u00e4\u00dfig als Grundlage f\u00fcr einzigartige Geschenkverpackungen.<\/p>\n<\/div>\n<\/div>\n<div class=\"wp-block-group alignwide\">\n<div class=\"wp-block-group__inner-container\">\n<p><!-- \/wp:gallery --><\/p>\n<\/div>\n<\/div>\n<p><!-- \/wp:group --><\/p>","protected":false},"excerpt":{"rendered":"<p>Wir f\u00f6rdern die Nachhaltigkeit im Gastgewerbe und haben deshalb unsere Marke Greenuso eingef\u00fchrt. Indem wir uns um den Vertrieb umweltfreundlicher Verpackungen k\u00fcmmerten, gelang es\u2026<\/p>\n","protected":false},"author":1,"featured_media":0,"parent":0,"menu_order":0,"comment_status":"closed","ping_status":"closed","template":"","meta":{"_crdt_document":"","site-sidebar-layout":"default","site-content-layout":"","ast-site-content-layout":"default","site-content-style":"default","site-sidebar-style":"default","ast-global-header-display":"","ast-banner-title-visibility":"","ast-main-header-display":"","ast-hfb-above-header-display":"","ast-hfb-below-header-display":"","ast-hfb-mobile-header-display":"","site-post-title":"","ast-breadcrumbs-content":"","ast-featured-img":"","footer-sml-layout":"","ast-disable-related-posts":"","theme-transparent-header-meta":"","adv-header-id-meta":"","stick-header-meta":"","header-above-stick-meta":"","header-main-stick-meta":"","header-below-stick-meta":"","astra-migrate-meta-layouts":"default","ast-page-background-enabled":"default","ast-page-background-meta":{"desktop":{"background-color":"var(--ast-global-color-4)","background-image":"","background-repeat":"repeat","background-position":"center center","background-size":"auto","background-attachment":"scroll","background-type":"","background-media":"","overlay-type":"","overlay-color":"","overlay-opacity":"","overlay-gradient":""},"tablet":{"background-color":"","background-image":"","background-repeat":"repeat","background-position":"center center","background-size":"auto","background-attachment":"scroll","background-type":"","background-media":"","overlay-type":"","overlay-color":"","overlay-opacity":"","overlay-gradient":""},"mobile":{"background-color":"","background-image":"","background-repeat":"repeat","background-position":"center center","background-size":"auto","background-attachment":"scroll","background-type":"","background-media":"","overlay-type":"","overlay-color":"","overlay-opacity":"","overlay-gradient":""}},"ast-content-background-meta":{"desktop":{"background-color":"var(--ast-global-color-5)","background-image":"","background-repeat":"repeat","background-position":"center center","background-size":"auto","background-attachment":"scroll","background-type":"","background-media":"","overlay-type":"","overlay-color":"","overlay-opacity":"","overlay-gradient":""},"tablet":{"background-color":"var(--ast-global-color-5)","background-image":"","background-repeat":"repeat","background-position":"center center","background-size":"auto","background-attachment":"scroll","background-type":"","background-media":"","overlay-type":"","overlay-color":"","overlay-opacity":"","overlay-gradient":""},"mobile":{"background-color":"var(--ast-global-color-5)","background-image":"","background-repeat":"repeat","background-position":"center center","background-size":"auto","background-attachment":"scroll","background-type":"","background-media":"","overlay-type":"","overlay-color":"","overlay-opacity":"","overlay-gradient":""}},"footnotes":""},"class_list":["post-2758","page","type-page","status-publish","hentry"],"_links":{"self":[{"href":"https:\/\/www.greenuso.com\/blog\/de\/wp-json\/wp\/v2\/pages\/2758","targetHints":{"allow":["GET"]}}],"collection":[{"href":"https:\/\/www.greenuso.com\/blog\/de\/wp-json\/wp\/v2\/pages"}],"about":[{"href":"https:\/\/www.greenuso.com\/blog\/de\/wp-json\/wp\/v2\/types\/page"}],"author":[{"embeddable":true,"href":"https:\/\/www.greenuso.com\/blog\/de\/wp-json\/wp\/v2\/users\/1"}],"replies":[{"embeddable":true,"href":"https:\/\/www.greenuso.com\/blog\/de\/wp-json\/wp\/v2\/comments?post=2758"}],"version-history":[{"count":9,"href":"https:\/\/www.greenuso.com\/blog\/de\/wp-json\/wp\/v2\/pages\/2758\/revisions"}],"predecessor-version":[{"id":21809,"href":"https:\/\/www.greenuso.com\/blog\/de\/wp-json\/wp\/v2\/pages\/2758\/revisions\/21809"}],"wp:attachment":[{"href":"https:\/\/www.greenuso.com\/blog\/de\/wp-json\/wp\/v2\/media?parent=2758"}],"curies":[{"name":"wp","href":"https:\/\/api.w.org\/{rel}","templated":true}]}}