{"id":14,"date":"2019-10-21T09:36:19","date_gmt":"2019-10-21T07:36:19","guid":{"rendered":"http:\/\/greenuso.com\/blog\/?page_id=14"},"modified":"2022-10-25T11:51:25","modified_gmt":"2022-10-25T09:51:25","slug":"elementor-14","status":"publish","type":"page","link":"https:\/\/www.greenuso.com\/blog\/es\/elementor-14\/","title":{"rendered":"BLOG GREENUSO"},"content":{"rendered":"\n<p class=\"wp-block-paragraph\">Fomentamos la sostenibilidad del sector de la hosteler\u00eda, debido a eso hemos lanzado nuestra marca, Greenuso. Preocupados por la distribuci\u00f3n de envases ecol\u00f3gicos, logramos reducir considerablemente el impacto medioambiental. Para conseguirlo, nos centramos en proporcionar una gran variedad de envases ecol\u00f3gicos fabricados con materias primas naturales.<\/p>\n\n\n\n<h2 class=\"wp-block-heading\">\ud83d\udcf0 <a style=\"color:white\" href=\"https:\/\/greenuso.com\/blog\/es\/actualidad\/\" target=\"_blank\" rel=\"noopener\">Actualidad ecol\u00f3gica<\/a><\/h2>\n\n\n\n\n\n<div class=\"wp-block-atomic-blocks-ab-cta ab-block-cta\" style=\"text-align: center;\">\n<div class=\"ab-cta-content\">\n<div class=\"ab-cta-text ab-font-size-32\" style=\"color: #32373c;\">\n<p>Nuestra gama de productos abarca desde tazas de bebidas desechables, vajillas y cajas de comida hasta bolsas de basura, cajas de catering y bolsas de transporte. Nuestra gama de productos es amplia y, para asegurarnos de que siempre respondemos a las necesidades y deseos de nuestros clientes, est\u00e1 en constante expansi\u00f3n. Benef\u00edciate de una marca fuerte y reconocible y de una historia clara.<\/p>\n<\/div>\n<\/div>\n<\/div>\n\n\n\n<div class=\"wp-block-column is-layout-flow wp-block-column-is-layout-flow\"><\/div>\n\n\n<p><!-- \/wp:post-content --><\/p>\n<div class=\"wp-block-column\"><!-- wp:atomic-blocks\/ab-cta {\"buttonText\":\" \ud83d\udcdd Contacta con nosotros\",\"buttonBackgroundColor\":\"#00d084\"} \/--><\/div>\n<p><!-- \/wp:column --><\/p>\n<p><!-- \/wp:columns --><\/p>\n<p><!-- wp:heading {\"align\":\"center\"} --><\/p>\n<h2 class=\"has-text-align-center\">Materiales ecol\u00f3gicos<\/h2>\n<p><!-- \/wp:heading --><\/p>\n<p><!-- wp:paragraph --><\/p>\n<p>De manera breve te explicamos los materiales ecol\u00f3gicos que puedes encontrar en nuestro productos contribuyendo a un mundo mejor. Puedes dar clic en cada material para que se desplegue la descripci\u00f3n del mismo.<\/p>\n<p><!-- \/wp:paragraph --><\/p>\n<p><!-- wp:atomic-blocks\/ab-accordion --><\/p>\n<div class=\"wp-block-atomic-blocks-ab-accordion ab-block-accordion\">\n<details>\n<summary class=\"ab-accordion-title\">Bagazo<\/summary>\n<div class=\"ab-accordion-text\">\n<p>El bagazo, tambi\u00e9n conocido como pulpa de ca\u00f1a de az\u00facar, es la fibra residual de la producci\u00f3n de az\u00facar de ca\u00f1a. Su alto contenido en celulosa hace que el bagazo sea un material extremadamente fuerte y puede soportar temperaturas de hasta 100 grados cent\u00edgrados tanto en hornos convencionales como de microondas.<\/p>\n<p><!-- \/wp:paragraph --><\/p>\n<\/div>\n<\/details>\n<\/div>\n<p><!-- \/wp:atomic-blocks\/ab-accordion --><\/p>\n<p><!-- wp:atomic-blocks\/ab-accordion --><\/p>\n<div class=\"wp-block-atomic-blocks-ab-accordion ab-block-accordion\">\n<details>\n<summary class=\"ab-accordion-title\">Cart\u00f3n<\/summary>\n<div class=\"ab-accordion-text\">\n<p>Nuestro cart\u00f3n est\u00e1 hecho de fibras primarias de madera. El resultado es un monomaterial ideal para el reciclaje. Los productos de cart\u00f3n Greenuso\u00ae se pueden desechar con el papel viejo.<\/p>\n<p><!-- \/wp:paragraph --><\/p>\n<\/div>\n<\/details>\n<\/div>\n<p><!-- \/wp:atomic-blocks\/ab-accordion --><\/p>\n<p><!-- wp:atomic-blocks\/ab-accordion --><\/p>\n<div class=\"wp-block-atomic-blocks-ab-accordion ab-block-accordion\">\n<details>\n<summary class=\"ab-accordion-title\">PLA<\/summary>\n<div class=\"ab-accordion-text\">\n<p>Un pl\u00e1stico biol\u00f3gico derivado del almid\u00f3n. La versi\u00f3n resistente al calor (hasta 85 grados cent\u00edgrados) del PLA es C-PLA. C-PLA es blanco debido a la adici\u00f3n de tiza. Dado que tanto el PLA como el C-PLA son biodegradables en una instalaci\u00f3n industrial de compostaje, los art\u00edculos fabricados con estos materiales llevan el logotipo de Seedling.<\/p>\n<p><!-- \/wp:paragraph --><\/p>\n<\/div>\n<\/details>\n<\/div>\n<p><!-- \/wp:atomic-blocks\/ab-accordion --><\/p>\n<p><!-- wp:atomic-blocks\/ab-accordion --><\/p>\n<div class=\"wp-block-atomic-blocks-ab-accordion ab-block-accordion\">\n<details>\n<summary class=\"ab-accordion-title\">Biopl\u00e1sticos Compostables<\/summary>\n<div class=\"ab-accordion-text\">\n<p>Biopl\u00e1sticos es el nombre colectivo de varios tipos de pl\u00e1sticos hechos de plantas. Los biopl\u00e1sticos Greenuso\u00ae llevan el logotipo de Seedling y el logotipo de compostable. Esto significa que los productos pueden ser compostados tanto en una instalaci\u00f3n industrial como en una papelera de jard\u00edn.<\/p>\n<p><!-- \/wp:paragraph --><\/p>\n<\/div>\n<\/details>\n<\/div>\n<p><!-- \/wp:atomic-blocks\/ab-accordion --><\/p>\n<p><!-- wp:atomic-blocks\/ab-accordion --><\/p>\n<div class=\"wp-block-atomic-blocks-ab-accordion ab-block-accordion\">\n<details>\n<summary class=\"ab-accordion-title\">Papel kraft<\/summary>\n<div class=\"ab-accordion-text\">\n<p>El papel Kraft est\u00e1 hecho de papel FSC\u00ae no blanqueado. El material marr\u00f3n tiene un aspecto natural y se composta muy f\u00e1cilmente. Para que el papel Kraft sea resistente a la humedad y a la grasa, se le a\u00f1ade un recubrimiento de PLA.<\/p>\n<p><!-- \/wp:paragraph --><\/p>\n<\/div>\n<\/details>\n<\/div>\n<p><!-- \/wp:atomic-blocks\/ab-accordion --><\/p>\n<p><!-- wp:atomic-blocks\/ab-accordion --><\/p>\n<div class=\"wp-block-atomic-blocks-ab-accordion ab-block-accordion\">\n<details>\n<summary class=\"ab-accordion-title\">Pulpa de papel<\/summary>\n<div class=\"ab-accordion-text\">\n<p>La pasta de papel se fabrica a partir de papel y cart\u00f3n reciclado. Despu\u00e9s de su uso, este material se puede desechar con el papel viejo.<\/p>\n<p><!-- \/wp:paragraph --><\/p>\n<\/div>\n<\/details>\n<\/div>\n<p><!-- \/wp:atomic-blocks\/ab-accordion --><\/p>\n<p><!-- wp:atomic-blocks\/ab-accordion --><\/p>\n<div class=\"wp-block-atomic-blocks-ab-accordion ab-block-accordion\">\n<details>\n<summary class=\"ab-accordion-title\">Hoja de palma<\/summary>\n<div class=\"ab-accordion-text\">\n<p>En el pasado, las hojas de palma se quemaban. Hoy en d\u00eda, este producto excepcional tiene una nueva vida como material de embalaje. Gracias a la variaci\u00f3n natural de las hojas de palma, cada art\u00edculo es \u00fanico.<\/p>\n<p><!-- \/wp:paragraph --><\/p>\n<\/div>\n<\/details>\n<\/div>\n<p><!-- \/wp:atomic-blocks\/ab-accordion --><\/p>\n<p><!-- wp:atomic-blocks\/ab-accordion --><\/p>\n<div class=\"wp-block-atomic-blocks-ab-accordion ab-block-accordion\">\n<details>\n<summary class=\"ab-accordion-title\">Madera<\/summary>\n<div class=\"ab-accordion-text\">\n<p>Utilizamos principalmente madera certificada FSC\u00ae procedente de bosques gestionados de forma responsable. La madera es muy resistente, puede soportar temperaturas de hasta 100 oC en un horno convencional o de microondas y tambi\u00e9n se puede colocar en el congelador.<\/p>\n<p><!-- \/wp:paragraph --><\/p>\n<\/div>\n<\/details>\n<\/div>\n<p><!-- \/wp:atomic-blocks\/ab-accordion --><\/p>\n<p><!-- wp:atomic-blocks\/ab-accordion --><\/p>\n<div class=\"wp-block-atomic-blocks-ab-accordion ab-block-accordion\">\n<details>\n<summary class=\"ab-accordion-title\">Bamb\u00fa<\/summary>\n<div class=\"ab-accordion-text\">\n<p>El r\u00e1pido crecimiento del bamb\u00fa lo convierte en una materia prima adecuada. Todos nuestros productos de bamb\u00fa est\u00e1n certificados FSC\u00ae y son compostables. Los productos de bamb\u00fa son tambi\u00e9n muy fuertes, neutros en cuanto al sabor, a prueba de grasas e impermeables y pueden soportar temperaturas de hasta 200 oC en un horno convencional o de microondas.<\/p>\n<p><!-- \/wp:paragraph --><\/p>\n<\/div>\n<\/details>\n<\/div>\n<p><!-- \/wp:atomic-blocks\/ab-accordion --><\/p>\n<p><!-- wp:heading {\"align\":\"center\"} --><\/p>\n<h2 class=\"has-text-align-center\">\ud83d\udcd6 Certificaciones \ud83e\udd47<\/h2>\n<div class=\"wp-block-columns\">\n<div class=\"wp-block-column\">\n<div class=\"wp-block-image\">\n<figure class=\"aligncenter size-large is-resized\"><img loading=\"lazy\" decoding=\"async\" class=\"wp-image-458\" src=\"http:\/\/greenuso.com\/blog\/wp-content\/uploads\/2019\/10\/TUV-AUSTRIA-OK-COMPOST-HOME.jpg\" alt=\"TUV AUSTRIA OK COMPOST HOME\" width=\"161\" height=\"121\" srcset=\"https:\/\/www.greenuso.com\/blog\/wp-content\/uploads\/2019\/10\/TUV-AUSTRIA-OK-COMPOST-HOME.jpg 200w, https:\/\/www.greenuso.com\/blog\/wp-content\/uploads\/2019\/10\/TUV-AUSTRIA-OK-COMPOST-HOME-75x56.jpg 75w, https:\/\/www.greenuso.com\/blog\/wp-content\/uploads\/2019\/10\/TUV-AUSTRIA-OK-COMPOST-HOME-150x113.jpg 150w\" sizes=\"auto, (max-width: 161px) 100vw, 161px\" \/><\/figure>\n<\/div>\n<p><!-- \/wp:image --><\/p>\n<p><!-- wp:heading {\"align\":\"center\",\"level\":3} --><\/p>\n<h3 class=\"has-text-align-center\">OK Home Compost TUV Austria<\/h3>\n<p><!-- \/wp:heading --><\/p>\n<p><!-- wp:paragraph --><\/p>\n<p>TUV AUSTRIA cuenta con un programa de certificaci\u00f3n reconocido para el reciclaje org\u00e1nico en el hogar. Los envases y desechables con el logotipo de TUV AUSTRIA OK COMPOST HOME son adecuados para el compostaje dom\u00e9stico.<\/p>\n<p><!-- \/wp:paragraph --><\/p>\n<p><!-- wp:image {\"align\":\"center\",\"id\":461,\"width\":119,\"height\":88,\"sizeSlug\":\"large\"} --><\/p>\n<div class=\"wp-block-image\">\n<figure class=\"aligncenter size-large is-resized\"><img loading=\"lazy\" decoding=\"async\" class=\"wp-image-461\" src=\"http:\/\/greenuso.com\/blog\/wp-content\/uploads\/2019\/10\/Seedling-logo.jpg\" alt=\"Seedling logo\" width=\"119\" height=\"88\" srcset=\"https:\/\/www.greenuso.com\/blog\/wp-content\/uploads\/2019\/10\/Seedling-logo.jpg 200w, https:\/\/www.greenuso.com\/blog\/wp-content\/uploads\/2019\/10\/Seedling-logo-75x56.jpg 75w\" sizes=\"auto, (max-width: 119px) 100vw, 119px\" \/><\/figure>\n<\/div>\n<p><!-- \/wp:image --><\/p>\n<p><!-- wp:heading {\"align\":\"center\",\"level\":3} --><\/p>\n<h3 class=\"has-text-align-center\">Seedling logo<\/h3>\n<p><!-- \/wp:heading --><\/p>\n<p><!-- wp:paragraph --><\/p>\n<p>Los materiales de embalaje compostables son materiales que cumplen con la norma EN 13432. S\u00f3lo los envases y desechables certificados seg\u00fan la norma EN 13432 pueden utilizar el logotipo de la pl\u00e1ntula y\/o el logotipo de OK COMPOST. Ambos logotipos muestran que el producto puede ser compostado en un ambiente industrial.<\/p>\n<p><!-- \/wp:paragraph --><\/p>\n<\/div>\n<p><!-- \/wp:column --><\/p>\n<p><!-- wp:column --><\/p>\n<div class=\"wp-block-column\"><!-- wp:image {\"align\":\"center\",\"id\":460,\"width\":154,\"height\":114,\"sizeSlug\":\"large\"} --><p><\/p>\n<div class=\"wp-block-image\">\n<figure class=\"aligncenter size-large is-resized\"><img loading=\"lazy\" decoding=\"async\" class=\"wp-image-460\" src=\"http:\/\/greenuso.com\/blog\/wp-content\/uploads\/2019\/10\/TUV-AUSTRIA-OK-COMPOST-LOGO.jpg\" alt=\"TUV AUSTRIA OK COMPOST LOGO\" width=\"154\" height=\"114\"><\/figure>\n<\/div>\n<p><!-- \/wp:image --><\/p>\n<p><!-- wp:heading {\"align\":\"center\",\"level\":3} --><\/p>\n<h3 class=\"has-text-align-center\">OK Industrial Compost TUV Austria<\/h3>\n<p><!-- \/wp:heading --><\/p>\n<p><!-- wp:paragraph --><\/p>\n<p>Los materiales de embalaje compostables son materiales que cumplen con la norma EN 13432. S\u00f3lo los envases y desechables que hayan sido certificados seg\u00fan la norma EN 13432 pueden utilizar la pl\u00e1ntula y\/o el logotipo de TUV AUSTRIA OK COMPOST. Ambos logotipos muestran que el producto puede ser compostado industrialmente.<\/p>\n<p><!-- \/wp:paragraph --><\/p>\n<p><!-- wp:image {\"align\":\"center\",\"id\":462,\"width\":180,\"height\":134,\"sizeSlug\":\"large\"} --><\/p>\n<div class=\"wp-block-image\">\n<figure class=\"aligncenter size-large is-resized\"><img loading=\"lazy\" decoding=\"async\" class=\"wp-image-462\" src=\"http:\/\/greenuso.com\/blog\/wp-content\/uploads\/2019\/10\/FSC-certified.jpg\" alt=\"FSC certified\" width=\"180\" height=\"134\" srcset=\"https:\/\/www.greenuso.com\/blog\/wp-content\/uploads\/2019\/10\/FSC-certified.jpg 200w, https:\/\/www.greenuso.com\/blog\/wp-content\/uploads\/2019\/10\/FSC-certified-75x56.jpg 75w, https:\/\/www.greenuso.com\/blog\/wp-content\/uploads\/2019\/10\/FSC-certified-150x113.jpg 150w\" sizes=\"auto, (max-width: 180px) 100vw, 180px\" \/><\/figure>\n<\/div>\n<p><!-- \/wp:image --><\/p>\n<p><!-- wp:heading {\"align\":\"center\",\"level\":3} --><\/p>\n<h3 class=\"has-text-align-center\">FSC &amp; PEFC<\/h3>\n<p><!-- \/wp:heading --><\/p>\n<p><!-- wp:paragraph --><\/p>\n<p>Los productos certificados FSC est\u00e1n hechos de madera y materias primas relacionadas con la madera, como papel y cart\u00f3n, que provienen de bosques gestionados de forma sostenible.<\/p>\n<p><!-- \/wp:paragraph --><\/p>\n<\/div>\n<\/div>\n<div class=\"wp-block-columns\">\n<div class=\"wp-block-column\">\n<div class=\"wp-block-image is-style-circle-mask\">&nbsp;<\/div>\n<\/div>\n<div class=\"wp-block-column\">\n<h3>Servicio de alimentos<\/h3>\n<p><!-- \/wp:heading --><\/p>\n<p><!-- wp:paragraph --><\/p>\n<p>Los productos Greenuso\u00ae son imprescindibles para los profesionales de la restauraci\u00f3n y de los servicios de restauraci\u00f3n que valoran la autenticidad y la pureza natural. Biodore\u00ae es tambi\u00e9n el creador de ambientes naturales en festivales y eventos. Pruebe y experimente la naturaleza!<\/p>\n<p><!-- \/wp:paragraph --><\/p>\n<\/div>\n<\/div>\n<div class=\"wp-block-columns\">\n<div class=\"wp-block-column\">\n<h3>Oficina \/ Instalaciones<\/h3>\n<p><!-- \/wp:heading --><\/p>\n<p><!-- wp:paragraph --><\/p>\n<p>El envase es una excelente forma de comunicar su Responsabilidad Social Corporativa. Greenuso\u00ae puede ayudar. Permita que sus empleados y clientes vean que usted est\u00e1 involucrado con el mundo natural y la sociedad.<\/p>\n<p><!-- \/wp:paragraph --><\/p>\n<\/div>\n<p><!-- \/wp:column --><\/p>\n<p><!-- wp:column --><\/p>\n<div class=\"wp-block-column\"><!-- wp:image {\"align\":\"center\",\"id\":1365,\"width\":370,\"height\":157,\"sizeSlug\":\"large\",\"className\":\"is-style-circle-mask\"} --><p><\/p>\n<div class=\"wp-block-image is-style-circle-mask\">&nbsp;<\/div>\n<p><!-- \/wp:image --><\/p>\n<\/div>\n<\/div>\n<div class=\"wp-block-columns\">\n<div class=\"wp-block-column\">\n<div class=\"wp-block-image is-style-circle-mask\">&nbsp;<\/div>\n<p><!-- \/wp:image --><\/p>\n<\/div>\n<p><!-- \/wp:column --><\/p>\n<p><!-- wp:column --><\/p>\n<div class=\"wp-block-column\"><!-- wp:heading {\"level\":3} --><p><\/p>\n<h3>Venta al por menor<\/h3>\n<p><!-- \/wp:heading --><\/p>\n<p><!-- wp:paragraph --><\/p>\n<p>Ofrecemos una serie de paquetes de venta al por menor especialmente para la venta directa a los consumidores. Estaremos encantados de asesorarle sobre una presentaci\u00f3n \u00f3ptima en las estanter\u00edas y ayudarle con las campa\u00f1as (estacionales).<\/p>\n<p><!-- \/wp:paragraph --><\/p>\n<\/div>\n<\/div>\n<div class=\"wp-block-columns\">\n<div class=\"wp-block-column\">\n<h3>Venta al por menor de productos no alimenticios<\/h3>\n<p><!-- \/wp:heading --><\/p>\n<p><!-- wp:paragraph --><\/p>\n<p>Los no comestibles tienen un gusto por el envase. Regularmente vemos que los productos Greenuso\u00ae se utilizan como base para un embalaje de regalo \u00fanico.<\/p>\n<\/div>\n<\/div>\n<p><!-- \/wp:group --><\/p>","protected":false},"excerpt":{"rendered":"<p>Fomentamos la sostenibilidad del sector de la hosteler\u00eda, debido a eso hemos lanzado nuestra marca, Greenuso. Preocupados por la distribuci\u00f3n de envases ecol\u00f3gicos, logramos reduci\u2026<\/p>\n","protected":false},"author":1,"featured_media":0,"parent":0,"menu_order":0,"comment_status":"closed","ping_status":"closed","template":"","meta":{"_crdt_document":"","site-sidebar-layout":"default","site-content-layout":"","ast-site-content-layout":"default","site-content-style":"default","site-sidebar-style":"default","ast-global-header-display":"","ast-banner-title-visibility":"","ast-main-header-display":"","ast-hfb-above-header-display":"","ast-hfb-below-header-display":"","ast-hfb-mobile-header-display":"","site-post-title":"","ast-breadcrumbs-content":"","ast-featured-img":"","footer-sml-layout":"","ast-disable-related-posts":"","theme-transparent-header-meta":"","adv-header-id-meta":"","stick-header-meta":"","header-above-stick-meta":"","header-main-stick-meta":"","header-below-stick-meta":"","astra-migrate-meta-layouts":"default","ast-page-background-enabled":"default","ast-page-background-meta":{"desktop":{"background-color":"var(--ast-global-color-4)","background-image":"","background-repeat":"repeat","background-position":"center center","background-size":"auto","background-attachment":"scroll","background-type":"","background-media":"","overlay-type":"","overlay-color":"","overlay-opacity":"","overlay-gradient":""},"tablet":{"background-color":"","background-image":"","background-repeat":"repeat","background-position":"center center","background-size":"auto","background-attachment":"scroll","background-type":"","background-media":"","overlay-type":"","overlay-color":"","overlay-opacity":"","overlay-gradient":""},"mobile":{"background-color":"","background-image":"","background-repeat":"repeat","background-position":"center center","background-size":"auto","background-attachment":"scroll","background-type":"","background-media":"","overlay-type":"","overlay-color":"","overlay-opacity":"","overlay-gradient":""}},"ast-content-background-meta":{"desktop":{"background-color":"var(--ast-global-color-5)","background-image":"","background-repeat":"repeat","background-position":"center center","background-size":"auto","background-attachment":"scroll","background-type":"","background-media":"","overlay-type":"","overlay-color":"","overlay-opacity":"","overlay-gradient":""},"tablet":{"background-color":"var(--ast-global-color-5)","background-image":"","background-repeat":"repeat","background-position":"center center","background-size":"auto","background-attachment":"scroll","background-type":"","background-media":"","overlay-type":"","overlay-color":"","overlay-opacity":"","overlay-gradient":""},"mobile":{"background-color":"var(--ast-global-color-5)","background-image":"","background-repeat":"repeat","background-position":"center center","background-size":"auto","background-attachment":"scroll","background-type":"","background-media":"","overlay-type":"","overlay-color":"","overlay-opacity":"","overlay-gradient":""}},"footnotes":""},"class_list":["post-14","page","type-page","status-publish","hentry"],"_links":{"self":[{"href":"https:\/\/www.greenuso.com\/blog\/es\/wp-json\/wp\/v2\/pages\/14","targetHints":{"allow":["GET"]}}],"collection":[{"href":"https:\/\/www.greenuso.com\/blog\/es\/wp-json\/wp\/v2\/pages"}],"about":[{"href":"https:\/\/www.greenuso.com\/blog\/es\/wp-json\/wp\/v2\/types\/page"}],"author":[{"embeddable":true,"href":"https:\/\/www.greenuso.com\/blog\/es\/wp-json\/wp\/v2\/users\/1"}],"replies":[{"embeddable":true,"href":"https:\/\/www.greenuso.com\/blog\/es\/wp-json\/wp\/v2\/comments?post=14"}],"version-history":[{"count":269,"href":"https:\/\/www.greenuso.com\/blog\/es\/wp-json\/wp\/v2\/pages\/14\/revisions"}],"predecessor-version":[{"id":21420,"href":"https:\/\/www.greenuso.com\/blog\/es\/wp-json\/wp\/v2\/pages\/14\/revisions\/21420"}],"wp:attachment":[{"href":"https:\/\/www.greenuso.com\/blog\/es\/wp-json\/wp\/v2\/media?parent=14"}],"curies":[{"name":"wp","href":"https:\/\/api.w.org\/{rel}","templated":true}]}}