{"id":2757,"date":"2019-10-21T09:36:19","date_gmt":"2019-10-21T07:36:19","guid":{"rendered":"https:\/\/greenuso.com\/blog\/elementor-14\/"},"modified":"2022-10-25T11:49:40","modified_gmt":"2022-10-25T09:49:40","slug":"elementor-14","status":"publish","type":"page","link":"https:\/\/www.greenuso.com\/blog\/fr\/elementor-14\/","title":{"rendered":"BLOG MONOUSO"},"content":{"rendered":"\n<p class=\"wp-block-paragraph\">Nous encourageons la durabilit\u00e9 dans le secteur de l&rsquo;h\u00f4tellerie, c&rsquo;est pourquoi nous avons lanc\u00e9 notre marque, Greenuso. Soucieux de la distribution d&#8217;emballages respectueux de l&rsquo;environnement, nous avons r\u00e9ussi \u00e0 r\u00e9duire consid\u00e9rablement l&rsquo;impact environnemental. Pour ce faire, nous nous concentrons sur la fourniture d&rsquo;une large gamme d&#8217;emballages \u00e9cologiques fabriqu\u00e9s \u00e0 partir de mati\u00e8res premi\u00e8res naturelles.<\/p>\n\n\n\n<h2 class=\"wp-block-heading\"><a style=\"color:white\" href=\"https:\/\/greenuso.com\/blog\/fr\/actualites\/\" target=\"_blank\" rel=\"noopener\">\ud83d\udcf0 Actualit\u00e9s \u00e9cologiques<\/a><\/h2>\n\n\n\n\n\n<div class=\"wp-block-column is-layout-flow wp-block-column-is-layout-flow\">\n<div class=\"wp-block-atomic-blocks-ab-cta ab-block-cta\" style=\"text-align: center;\">\n<div class=\"ab-cta-content\">\n<div class=\"ab-cta-text ab-font-size-32\" style=\"color: #32373c;\">\n<p>Los produits que nous avons vont de gobelets jetables pour les boissons, \u00e0 de la vaisselle, des bo\u00eetes pour aliments aux sacs poubelles, des bo\u00eetes pour la restauration aux sacs de transport. Notre gamme de produits est tr\u00e8s \u00e9tendue et, afin de toujours r\u00e9pondre aux besoins et aux souhaits de nos clients, elle est en constante \u00e9volution. B\u00e9n\u00e9ficier d&rsquo;une marque forte et reconnaissable et d&rsquo;une histoire claire.<\/p>\n<\/div>\n<\/div>\n<\/div>\n<\/div>\n\n\n<p><!-- \/wp:post-content --><\/p>\n<div class=\"wp-block-column\"><!-- wp:atomic-blocks\/ab-cta {\"buttonText\":\" \ud83d\udcdd Contacta con nosotros\",\"buttonBackgroundColor\":\"#00d084\"} \/--><\/div>\n<p><!-- \/wp:column --><\/p>\n<p><!-- \/wp:columns --><\/p>\n<p><!-- wp:heading {\"align\":\"center\"} --><\/p>\n<h2 class=\"has-text-align-center\">Mat\u00e9riaux \u00e9cologiques<\/h2>\n<p><!-- \/wp:heading --><\/p>\n<p><!-- wp:paragraph --><\/p>\n<p>Nous vous expliquons bri\u00e8vement les mat\u00e9riaux \u00e9cologiques que vous pouvez trouver dans nos produits et qui contribuent \u00e0 un monde meilleur. Vous pouvez cliquer sur chaque mat\u00e9riel pour en afficher la description.<\/p>\n<p><!-- \/wp:paragraph --><\/p>\n<p><!-- wp:atomic-blocks\/ab-accordion --><\/p>\n<div class=\"wp-block-atomic-blocks-ab-accordion ab-block-accordion\"><details>\n<summary class=\"ab-accordion-title\">Bagasse<\/summary>\n<div class=\"ab-accordion-text\"><!-- wp:paragraph -->\n<p>\u00a0<\/p>\n<p>La bagasse, \u00e9galement connue sous le nom de pulpe de canne \u00e0 sucre, est la fibre r\u00e9siduelle de la production de sucre de canne. Sa forte teneur en cellulose fait de la bagasse un mat\u00e9riau extr\u00eamement r\u00e9sistant et elle peut supporter des temp\u00e9ratures allant jusqu&rsquo;\u00e0 100 degr\u00e9s Celsius dans les fours conventionnels et \u00e0 micro-ondes.<\/p>\n<p><!-- \/wp:paragraph --><\/p>\n<\/div>\n<\/details><\/div>\n<p><!-- \/wp:atomic-blocks\/ab-accordion --><\/p>\n<p><!-- wp:atomic-blocks\/ab-accordion --><\/p>\n<div class=\"wp-block-atomic-blocks-ab-accordion ab-block-accordion\"><details>\n<summary class=\"ab-accordion-title\">Carton<\/summary>\n<div class=\"ab-accordion-text\"><!-- wp:paragraph -->\n<p>\u00a0<\/p>\n<p>Notre carton est fabriqu\u00e9 \u00e0 partir de fibres de bois primaires. Le r\u00e9sultat est un monomat\u00e9riau id\u00e9al pour le recyclage. Les produits en carton Greenuso\u00ae peuvent \u00eatre \u00e9limin\u00e9s avec le vieux papier.<\/p>\n<p><!-- \/wp:paragraph --><\/p>\n<\/div>\n<\/details><\/div>\n<p><!-- \/wp:atomic-blocks\/ab-accordion --><\/p>\n<p><!-- wp:atomic-blocks\/ab-accordion --><\/p>\n<div class=\"wp-block-atomic-blocks-ab-accordion ab-block-accordion\"><details>\n<summary class=\"ab-accordion-title\">PLA<\/summary>\n<div class=\"ab-accordion-text\"><!-- wp:paragraph -->\n<p>\u00a0<\/p>\n<p>Un plastique biologique d\u00e9riv\u00e9 de l&rsquo;amidon. La version r\u00e9sistante \u00e0 la chaleur (jusqu&rsquo;\u00e0 85 degr\u00e9s Celsius) du PLA est le C-PLA. Le C-PLA est blanc en raison de l&rsquo;ajout de craie. Comme le PLA et le C-PLA sont tous deux biod\u00e9gradables dans une installation de compostage industrielle, les articles fabriqu\u00e9s \u00e0 partir de ces mat\u00e9riaux portent le logo Seedling.<\/p>\n<p><!-- \/wp:paragraph --><\/p>\n<\/div>\n<\/details><\/div>\n<p><!-- \/wp:atomic-blocks\/ab-accordion --><\/p>\n<p><!-- wp:atomic-blocks\/ab-accordion --><\/p>\n<div class=\"wp-block-atomic-blocks-ab-accordion ab-block-accordion\"><details>\n<summary class=\"ab-accordion-title\">Bioplastiques compostables<\/summary>\n<div class=\"ab-accordion-text\">\n<p>Bioplastiques est le nom collectif de divers types de plastiques fabriqu\u00e9s \u00e0 partir de plantes. Les bioplastiques Greenuso\u00ae portent le logo Seedling et le logo compostable. Cela signifie que les produits peuvent \u00eatre compost\u00e9s soit dans une installation industrielle, soit dans une poubelle de jardin.<\/p>\n<p><!-- \/wp:paragraph --><\/p>\n<\/div>\n<\/details><\/div>\n<p><!-- \/wp:atomic-blocks\/ab-accordion --><\/p>\n<p><!-- wp:atomic-blocks\/ab-accordion --><\/p>\n<div class=\"wp-block-atomic-blocks-ab-accordion ab-block-accordion\"><details>\n<summary class=\"ab-accordion-title\">Papier kraft<\/summary>\n<div class=\"ab-accordion-text\">\n<p>Le papier kraft est fabriqu\u00e9 \u00e0 partir de papier FSC\u00ae non blanchi. La mati\u00e8re brune a un aspect naturel et est facilement compostable. Pour rendre le papier kraft r\u00e9sistant \u00e0 l&rsquo;humidit\u00e9 et \u00e0 la graisse, un rev\u00eatement PLA est ajout\u00e9.<\/p>\n<p><!-- \/wp:paragraph --><\/p>\n<\/div>\n<\/details><\/div>\n<p><!-- \/wp:atomic-blocks\/ab-accordion --><\/p>\n<p><!-- wp:atomic-blocks\/ab-accordion --><\/p>\n<div class=\"wp-block-atomic-blocks-ab-accordion ab-block-accordion\"><details>\n<summary class=\"ab-accordion-title\">P\u00e2te \u00e0 papier<\/summary>\n<div class=\"ab-accordion-text\">\n<p>La p\u00e2te \u00e0 papier est fabriqu\u00e9e \u00e0 partir de papier et de carton recycl\u00e9s. Apr\u00e8s utilisation, ce mat\u00e9riel peut \u00eatre \u00e9limin\u00e9 avec le vieux papier.<\/p>\n<p><!-- \/wp:paragraph --><\/p>\n<\/div>\n<\/details><\/div>\n<p><!-- \/wp:atomic-blocks\/ab-accordion --><\/p>\n<p><!-- wp:atomic-blocks\/ab-accordion --><\/p>\n<div class=\"wp-block-atomic-blocks-ab-accordion ab-block-accordion\"><details>\n<summary class=\"ab-accordion-title\">Feuille de palmier<\/summary>\n<div class=\"ab-accordion-text\">\n<p>Autrefois, les feuilles de palmier \u00e9taient br\u00fbl\u00e9es. Aujourd&rsquo;hui, ce produit exceptionnel a une nouvelle vie en tant que mat\u00e9riau d&#8217;emballage. Gr\u00e2ce \u00e0 la variation naturelle des feuilles de palmier, chaque objet est unique.<\/p>\n<p><!-- \/wp:paragraph --><\/p>\n<\/div>\n<\/details><\/div>\n<p><!-- \/wp:atomic-blocks\/ab-accordion --><\/p>\n<p><!-- wp:atomic-blocks\/ab-accordion --><\/p>\n<div class=\"wp-block-atomic-blocks-ab-accordion ab-block-accordion\"><details>\n<summary class=\"ab-accordion-title\">Bois<\/summary>\n<div class=\"ab-accordion-text\">\n<p>Nous utilisons principalement du bois certifi\u00e9 FSC\u00ae provenant de for\u00eats g\u00e9r\u00e9es de mani\u00e8re responsable. Le bois est tr\u00e8s r\u00e9sistant, peut supporter des temp\u00e9ratures allant jusqu&rsquo;\u00e0 100 oC dans un four conventionnel ou \u00e0 micro-ondes et peut \u00e9galement \u00eatre plac\u00e9 dans le cong\u00e9lateur.<\/p>\n<p><!-- \/wp:paragraph --><\/p>\n<\/div>\n<\/details><\/div>\n<p><!-- \/wp:atomic-blocks\/ab-accordion --><\/p>\n<p><!-- wp:atomic-blocks\/ab-accordion --><\/p>\n<div class=\"wp-block-atomic-blocks-ab-accordion ab-block-accordion\"><details>\n<summary class=\"ab-accordion-title\">Bambou<\/summary>\n<div class=\"ab-accordion-text\">\n<p>La croissance rapide du bambou en fait une mati\u00e8re premi\u00e8re appropri\u00e9e. Tous nos produits en bambou sont certifi\u00e9s FSC\u00ae et compostables. Les produits en bambou sont \u00e9galement tr\u00e8s r\u00e9sistants, leur go\u00fbt est neutre, ils r\u00e9sistent \u00e0 la graisse et \u00e0 l&rsquo;eau et peuvent supporter des temp\u00e9ratures allant jusqu&rsquo;\u00e0 200 oC dans un four conventionnel ou \u00e0 micro-ondes.<\/p>\n<p><!-- \/wp:paragraph --><\/p>\n<\/div>\n<\/details><\/div>\n<p><!-- \/wp:atomic-blocks\/ab-accordion --><\/p>\n<p><!-- wp:heading {\"align\":\"center\"} --><\/p>\n<h2 class=\"has-text-align-center\">\ud83d\udcd6 Certifications \ud83e\udd47<\/h2>\n<div class=\"wp-block-columns\">\n<div class=\"wp-block-column\">\n<div class=\"wp-block-image\">\n<figure class=\"aligncenter size-large is-resized\"><img loading=\"lazy\" decoding=\"async\" class=\"wp-image-3569\" src=\"https:\/\/greenuso.com\/blog\/wp-content\/uploads\/2019\/10\/TUV-AUSTRIA-OK-COMPOST-HOME.jpg\" alt=\"TUV AUSTRIA OK COMPOST HOME\" width=\"161\" height=\"121\" srcset=\"https:\/\/www.greenuso.com\/blog\/wp-content\/uploads\/2019\/10\/TUV-AUSTRIA-OK-COMPOST-HOME.jpg 200w, https:\/\/www.greenuso.com\/blog\/wp-content\/uploads\/2019\/10\/TUV-AUSTRIA-OK-COMPOST-HOME-75x56.jpg 75w, https:\/\/www.greenuso.com\/blog\/wp-content\/uploads\/2019\/10\/TUV-AUSTRIA-OK-COMPOST-HOME-150x113.jpg 150w\" sizes=\"auto, (max-width: 161px) 100vw, 161px\" \/><\/figure>\n<\/div>\n<p><!-- \/wp:image --><\/p>\n<p><!-- wp:heading {\"align\":\"center\",\"level\":3} --><\/p>\n<h3 class=\"has-text-align-center\">OK Home Compost TUV Autriche<\/h3>\n<p><!-- \/wp:heading --><\/p>\n<p><!-- wp:paragraph --><\/p>\n<p>TUV AUTRICHE a un programme de certification reconnu pour le recyclage biologique \u00e0 domicile. Les conteneurs et les articles jetables portant le logo TUV AUSTRIA OK COMPOST HOME conviennent au compostage \u00e0 domicile.<\/p>\n<p><!-- \/wp:paragraph --><\/p>\n<p><!-- wp:image {\"align\":\"center\",\"id\":461,\"width\":119,\"height\":88,\"sizeSlug\":\"large\"} --><\/p>\n<div class=\"wp-block-image\">\n<figure class=\"aligncenter size-large is-resized\"><img loading=\"lazy\" decoding=\"async\" class=\"wp-image-3581\" src=\"https:\/\/greenuso.com\/blog\/wp-content\/uploads\/2019\/10\/Seedling-logo.jpg\" alt=\"Seedling logo\" width=\"119\" height=\"88\" srcset=\"https:\/\/www.greenuso.com\/blog\/wp-content\/uploads\/2019\/10\/Seedling-logo.jpg 200w, https:\/\/www.greenuso.com\/blog\/wp-content\/uploads\/2019\/10\/Seedling-logo-75x56.jpg 75w\" sizes=\"auto, (max-width: 119px) 100vw, 119px\" \/><\/figure>\n<\/div>\n<p><!-- \/wp:image --><\/p>\n<p><!-- wp:heading {\"align\":\"center\",\"level\":3} --><\/p>\n<h3 class=\"has-text-align-center\">Logo des semis<\/h3>\n<p><!-- \/wp:heading --><\/p>\n<p><!-- wp:paragraph --><\/p>\n<p>Les mat\u00e9riaux d&#8217;emballage compostables sont des mat\u00e9riaux conformes \u00e0 la norme EN 13432. Seuls les emballages et les produits \u00e0 usage unique certifi\u00e9s EN 13432 peuvent utiliser le logo du semis et\/ou le logo OK COMPOST. Les deux logos montrent que le produit peut \u00eatre compost\u00e9 dans un environnement industriel.<\/p>\n<p><!-- \/wp:paragraph --><\/p>\n<\/div>\n<p><!-- \/wp:column --><\/p>\n<p><!-- wp:column --><\/p>\n<div class=\"wp-block-column\"><!-- wp:image {\"align\":\"center\",\"id\":460,\"width\":154,\"height\":114,\"sizeSlug\":\"large\"} -->\n<p>\u00a0<\/p>\n<div class=\"wp-block-image\">\n<figure class=\"aligncenter size-large is-resized\"><img loading=\"lazy\" decoding=\"async\" class=\"wp-image-3575\" src=\"https:\/\/greenuso.com\/blog\/wp-content\/uploads\/2019\/10\/TUV-AUSTRIA-OK-COMPOST-LOGO.jpg\" alt=\"TUV AUSTRIA OK COMPOST LOGO\" width=\"154\" height=\"114\" \/><\/figure>\n<\/div>\n<p><!-- \/wp:image --><\/p>\n<p><!-- wp:heading {\"align\":\"center\",\"level\":3} --><\/p>\n<h3 class=\"has-text-align-center\">OK Compost industriel TUV Autriche<\/h3>\n<p><!-- \/wp:heading --><\/p>\n<p><!-- wp:paragraph --><\/p>\n<p>Les mat\u00e9riaux d&#8217;emballage compostables sont des mat\u00e9riaux conformes \u00e0 la norme EN 13432. Seuls les emballages et les articles jetables qui ont \u00e9t\u00e9 certifi\u00e9s conform\u00e9ment \u00e0 la norme EN 13432 peuvent utiliser le semis et\/ou le logo TUV AUSTRIA OK COMPOST. Les deux logos montrent que le produit peut \u00eatre compost\u00e9 industriellement.<\/p>\n<p><!-- \/wp:paragraph --><\/p>\n<p><!-- wp:image {\"align\":\"center\",\"id\":462,\"width\":180,\"height\":134,\"sizeSlug\":\"large\"} --><\/p>\n<div class=\"wp-block-image\">\n<figure class=\"aligncenter size-large is-resized\"><img loading=\"lazy\" decoding=\"async\" class=\"wp-image-3587\" src=\"https:\/\/greenuso.com\/blog\/wp-content\/uploads\/2019\/10\/FSC-certified.jpg\" alt=\"FSC certified\" width=\"180\" height=\"134\" srcset=\"https:\/\/www.greenuso.com\/blog\/wp-content\/uploads\/2019\/10\/FSC-certified.jpg 200w, https:\/\/www.greenuso.com\/blog\/wp-content\/uploads\/2019\/10\/FSC-certified-75x56.jpg 75w, https:\/\/www.greenuso.com\/blog\/wp-content\/uploads\/2019\/10\/FSC-certified-150x113.jpg 150w\" sizes=\"auto, (max-width: 180px) 100vw, 180px\" \/><\/figure>\n<\/div>\n<p><!-- \/wp:image --><\/p>\n<p><!-- wp:heading {\"align\":\"center\",\"level\":3} --><\/p>\n<h3 class=\"has-text-align-center\">FSC &amp; PEFC<\/h3>\n<p><!-- \/wp:heading --><\/p>\n<p><!-- wp:paragraph --><\/p>\n<p>Les produits certifi\u00e9s FSC sont fabriqu\u00e9s \u00e0 partir de bois et de mati\u00e8res premi\u00e8res li\u00e9es au bois, comme le papier et le carton, qui proviennent de for\u00eats g\u00e9r\u00e9es durablement.<\/p>\n<p><!-- \/wp:paragraph --><\/p>\n<\/div>\n<p><!-- \/wp:column --><\/p>\n<\/div>\n<p><!-- \/wp:columns --><\/p>\n<p><!-- wp:columns --><\/p>\n<div class=\"wp-block-columns\"><!-- wp:column -->\n<p>\u00a0<\/p>\n<div class=\"wp-block-column\"><!-- wp:image {\"align\":\"center\",\"id\":48,\"sizeSlug\":\"large\",\"className\":\"is-style-circle-mask\"} -->\n<p>\u00a0<\/p>\n<div class=\"wp-block-image is-style-circle-mask\">\u00a0<\/div>\n<p><!-- \/wp:image --><\/p>\n<\/div>\n<p><!-- \/wp:column --><\/p>\n<p><!-- wp:column --><\/p>\n<div class=\"wp-block-column\"><!-- wp:heading {\"level\":3} -->\n<p>\u00a0<\/p>\n<h3>Service de restauration<\/h3>\n<p><!-- \/wp:heading --><\/p>\n<p><!-- wp:paragraph --><\/p>\n<p>Les produits Greenuso\u00ae sont essentiels pour les professionnels de la restauration et de l&rsquo;h\u00f4tellerie qui appr\u00e9cient l&rsquo;authenticit\u00e9 et la puret\u00e9 naturelle. Biodore\u00ae est \u00e9galement le cr\u00e9ateur de milieux naturels lors de festivals et d&rsquo;\u00e9v\u00e9nements. Essayez de faire l&rsquo;exp\u00e9rience de la nature !<\/p>\n<p><!-- \/wp:paragraph --><\/p>\n<\/div>\n<p><!-- \/wp:column --><\/p>\n<\/div>\n<p><!-- \/wp:columns --><\/p>\n<p><!-- wp:columns --><\/p>\n<div class=\"wp-block-columns\"><!-- wp:column -->\n<p>\u00a0<\/p>\n<div class=\"wp-block-column\"><!-- wp:heading {\"level\":3} -->\n<p>\u00a0<\/p>\n<h3>Bureaux \/ Installations<\/h3>\n<p><!-- \/wp:heading --><\/p>\n<p><!-- wp:paragraph --><\/p>\n<p>L&#8217;emballage est un excellent moyen de communiquer votre responsabilit\u00e9 sociale d&rsquo;entreprise. Greenuso\u00ae peut vous aider. Laissez vos employ\u00e9s et vos clients voir que vous \u00eates impliqu\u00e9 dans le monde naturel et la soci\u00e9t\u00e9.<\/p>\n<p><!-- \/wp:paragraph --><\/p>\n<\/div>\n<p><!-- \/wp:column --><\/p>\n<p><!-- wp:column --><\/p>\n<div class=\"wp-block-column\"><!-- wp:image {\"align\":\"center\",\"id\":1365,\"width\":370,\"height\":157,\"sizeSlug\":\"large\",\"className\":\"is-style-circle-mask\"} -->\n<p>\u00a0<\/p>\n<div class=\"wp-block-image is-style-circle-mask\">\u00a0<\/div>\n<p><!-- \/wp:image --><\/p>\n<\/div>\n<p><!-- \/wp:column --><\/p>\n<\/div>\n<p><!-- \/wp:columns --><\/p>\n<p><!-- wp:columns --><\/p>\n<div class=\"wp-block-columns\"><!-- wp:column -->\n<p>\u00a0<\/p>\n<div class=\"wp-block-column\"><!-- wp:image {\"align\":\"center\",\"id\":46,\"sizeSlug\":\"large\",\"className\":\"is-style-circle-mask\"} -->\n<p>\u00a0<\/p>\n<div class=\"wp-block-image is-style-circle-mask\">\u00a0<\/div>\n<p><!-- \/wp:image --><\/p>\n<\/div>\n<p><!-- \/wp:column --><\/p>\n<p><!-- wp:column --><\/p>\n<div class=\"wp-block-column\"><!-- wp:heading {\"level\":3} -->\n<p>\u00a0<\/p>\n<h3>Vente au d\u00e9tail<\/h3>\n<p><!-- \/wp:heading --><\/p>\n<p><!-- wp:paragraph --><\/p>\n<p>Nous proposons un certain nombre de formules de vente au d\u00e9tail, notamment pour la vente directe aux consommateurs. Nous vous conseillerons volontiers sur la pr\u00e9sentation optimale en rayon et vous aiderons \u00e0 organiser des campagnes (saisonni\u00e8res).<\/p>\n<p><!-- \/wp:paragraph --><\/p>\n<\/div>\n<p><!-- \/wp:column --><\/p>\n<\/div>\n<p><!-- \/wp:columns --><\/p>\n<p><!-- wp:columns --><\/p>\n<div class=\"wp-block-columns\"><!-- wp:column -->\n<p>\u00a0<\/p>\n<div class=\"wp-block-column\"><!-- wp:heading {\"level\":3} -->\n<p>\u00a0<\/p>\n<h3>Vente au d\u00e9tail de produits non alimentaires<\/h3>\n<p><!-- \/wp:heading --><\/p>\n<p><!-- wp:paragraph --><\/p>\n<p>Les produits non alimentaires sont un plus pour l&#8217;emballage. Nous voyons r\u00e9guli\u00e8rement des produits Greenuso\u00ae utilis\u00e9s comme base pour des emballages de cadeaux uniques.<\/p>\n<\/div>\n<\/div>\n<div class=\"wp-block-group alignwide\">\n<div class=\"wp-block-group__inner-container\">\n<p><!-- \/wp:gallery --><\/p>\n<\/div>\n<\/div>\n<p><!-- \/wp:group --><\/p>","protected":false},"excerpt":{"rendered":"<p>Nous encourageons la durabilit\u00e9 dans le secteur de l&rsquo;h\u00f4tellerie, c&rsquo;est pourquoi nous avons lanc\u00e9 notre marque, Greenuso. Soucieux de la distribution d&#8217;emballages\u2026<\/p>\n","protected":false},"author":1,"featured_media":0,"parent":0,"menu_order":0,"comment_status":"closed","ping_status":"closed","template":"","meta":{"_crdt_document":"","site-sidebar-layout":"default","site-content-layout":"","ast-site-content-layout":"default","site-content-style":"default","site-sidebar-style":"default","ast-global-header-display":"","ast-banner-title-visibility":"","ast-main-header-display":"","ast-hfb-above-header-display":"","ast-hfb-below-header-display":"","ast-hfb-mobile-header-display":"","site-post-title":"","ast-breadcrumbs-content":"","ast-featured-img":"","footer-sml-layout":"","ast-disable-related-posts":"","theme-transparent-header-meta":"","adv-header-id-meta":"","stick-header-meta":"","header-above-stick-meta":"","header-main-stick-meta":"","header-below-stick-meta":"","astra-migrate-meta-layouts":"default","ast-page-background-enabled":"default","ast-page-background-meta":{"desktop":{"background-color":"var(--ast-global-color-4)","background-image":"","background-repeat":"repeat","background-position":"center center","background-size":"auto","background-attachment":"scroll","background-type":"","background-media":"","overlay-type":"","overlay-color":"","overlay-opacity":"","overlay-gradient":""},"tablet":{"background-color":"","background-image":"","background-repeat":"repeat","background-position":"center center","background-size":"auto","background-attachment":"scroll","background-type":"","background-media":"","overlay-type":"","overlay-color":"","overlay-opacity":"","overlay-gradient":""},"mobile":{"background-color":"","background-image":"","background-repeat":"repeat","background-position":"center center","background-size":"auto","background-attachment":"scroll","background-type":"","background-media":"","overlay-type":"","overlay-color":"","overlay-opacity":"","overlay-gradient":""}},"ast-content-background-meta":{"desktop":{"background-color":"var(--ast-global-color-5)","background-image":"","background-repeat":"repeat","background-position":"center center","background-size":"auto","background-attachment":"scroll","background-type":"","background-media":"","overlay-type":"","overlay-color":"","overlay-opacity":"","overlay-gradient":""},"tablet":{"background-color":"var(--ast-global-color-5)","background-image":"","background-repeat":"repeat","background-position":"center center","background-size":"auto","background-attachment":"scroll","background-type":"","background-media":"","overlay-type":"","overlay-color":"","overlay-opacity":"","overlay-gradient":""},"mobile":{"background-color":"var(--ast-global-color-5)","background-image":"","background-repeat":"repeat","background-position":"center center","background-size":"auto","background-attachment":"scroll","background-type":"","background-media":"","overlay-type":"","overlay-color":"","overlay-opacity":"","overlay-gradient":""}},"footnotes":""},"class_list":["post-2757","page","type-page","status-publish","hentry"],"_links":{"self":[{"href":"https:\/\/www.greenuso.com\/blog\/fr\/wp-json\/wp\/v2\/pages\/2757","targetHints":{"allow":["GET"]}}],"collection":[{"href":"https:\/\/www.greenuso.com\/blog\/fr\/wp-json\/wp\/v2\/pages"}],"about":[{"href":"https:\/\/www.greenuso.com\/blog\/fr\/wp-json\/wp\/v2\/types\/page"}],"author":[{"embeddable":true,"href":"https:\/\/www.greenuso.com\/blog\/fr\/wp-json\/wp\/v2\/users\/1"}],"replies":[{"embeddable":true,"href":"https:\/\/www.greenuso.com\/blog\/fr\/wp-json\/wp\/v2\/comments?post=2757"}],"version-history":[{"count":10,"href":"https:\/\/www.greenuso.com\/blog\/fr\/wp-json\/wp\/v2\/pages\/2757\/revisions"}],"predecessor-version":[{"id":20740,"href":"https:\/\/www.greenuso.com\/blog\/fr\/wp-json\/wp\/v2\/pages\/2757\/revisions\/20740"}],"wp:attachment":[{"href":"https:\/\/www.greenuso.com\/blog\/fr\/wp-json\/wp\/v2\/media?parent=2757"}],"curies":[{"name":"wp","href":"https:\/\/api.w.org\/{rel}","templated":true}]}}