{"id":2759,"date":"2019-10-21T09:36:19","date_gmt":"2019-10-21T07:36:19","guid":{"rendered":"https:\/\/greenuso.com\/blog\/elementor-14\/"},"modified":"2022-10-25T11:47:05","modified_gmt":"2022-10-25T09:47:05","slug":"elementor-14","status":"publish","type":"page","link":"https:\/\/www.greenuso.com\/blog\/it\/elementor-14\/","title":{"rendered":"BLOG MONOUSO"},"content":{"rendered":"\n<p class=\"wp-block-paragraph\">Promuoviamo la sostenibilit\u00e0 nel settore dell&#8217;ospitalit\u00e0 e per questo abbiamo lanciato il nostro marchio, Greenuso. Preoccupati per la distribuzione di imballaggi ecologici, siamo riusciti a ridurre notevolmente l&#8217;impatto ambientale. A tal fine, ci concentriamo sulla fornitura di un&#8217;ampia gamma di imballaggi ecologici realizzati con materie prime naturali.<\/p>\n\n\n\n<h2 class=\"wp-block-heading\"><a style=\"color:white\" href=\"https:\/\/greenuso.com\/blog\/it\/notizie\/\" target=\"_blank\" rel=\"noopener\">\ud83d\udcf0 Notizie ecologiche<\/a><\/h2>\n\n\n\n\n\n<div class=\"wp-block-column is-layout-flow wp-block-column-is-layout-flow\">\n<div class=\"wp-block-atomic-blocks-ab-cta ab-block-cta\" style=\"text-align: center;\">\n<div class=\"ab-cta-content\">\n<div class=\"ab-cta-text ab-font-size-32\" style=\"color: #32373c;\">\n<p>I nostri prodotti vanno da bicchieri per bevande usa e getta, stoviglie e scatole per alimenti a sacchetti per la spazzatura, scatole per il catering e sacchetti per la spesa. La nostra gamma di prodotti \u00e8 ampia e, per rispondere sempre alle esigenze e ai desideri dei nostri clienti, \u00e8 in continua espansione. Approfittate di un marchio forte e riconoscibile e di una storia chiara.<\/p>\n<\/div>\n<\/div>\n<\/div>\n<\/div>\n\n\n<p><!-- \/wp:post-content --><\/p>\n<div class=\"wp-block-column\"><!-- wp:atomic-blocks\/ab-cta {\"buttonText\":\" \ud83d\udcdd Contacta con nosotros\",\"buttonBackgroundColor\":\"#00d084\"} \/--><\/div>\n<p><!-- \/wp:column --><\/p>\n<p><!-- \/wp:columns --><\/p>\n<p><!-- wp:heading {\"align\":\"center\"} --><\/p>\n<h2 class=\"has-text-align-center\">Materiali ecologici<\/h2>\n<p><!-- \/wp:heading --><\/p>\n<p><!-- wp:paragraph --><\/p>\n<p>In breve vi spieghiamo i materiali ecologici che potete trovare nei nostri prodotti contribuendo ad un mondo migliore. \u00c8 possibile cliccare su ogni materiale per visualizzarne la descrizione.<\/p>\n<p><!-- \/wp:paragraph --><\/p>\n<p><!-- wp:atomic-blocks\/ab-accordion --><\/p>\n<div class=\"wp-block-atomic-blocks-ab-accordion ab-block-accordion\">\n<details>\n<summary class=\"ab-accordion-title\">Bagazo<\/summary>\n<div class=\"ab-accordion-text\">\n<p>La bagassa, nota anche come polpa di canna da zucchero, \u00e8 la fibra residua della produzione di zucchero di canna. Il suo elevato contenuto di cellulosa rende la bagassa un materiale estremamente resistente e pu\u00f2 resistere a temperature fino a 100 gradi Celsius sia nel forno convenzionale che nel forno a microonde.<\/p>\n<p><!-- \/wp:paragraph --><\/p>\n<\/div>\n<\/details>\n<\/div>\n<p><!-- \/wp:atomic-blocks\/ab-accordion --><\/p>\n<p><!-- wp:atomic-blocks\/ab-accordion --><\/p>\n<div class=\"wp-block-atomic-blocks-ab-accordion ab-block-accordion\">\n<details>\n<summary class=\"ab-accordion-title\">Cartone<\/summary>\n<div class=\"ab-accordion-text\">\n<p>Il nostro cartone \u00e8 fatto di fibre primarie di legno. Il risultato \u00e8 un monomateriale ideale per il riciclaggio. I prodotti in cartone Greenuso\u00ae possono essere smaltiti con la vecchia carta.<\/p>\n<p><!-- \/wp:paragraph --><\/p>\n<\/div>\n<\/details>\n<\/div>\n<p><!-- \/wp:atomic-blocks\/ab-accordion --><\/p>\n<p><!-- wp:atomic-blocks\/ab-accordion --><\/p>\n<div class=\"wp-block-atomic-blocks-ab-accordion ab-block-accordion\">\n<details>\n<summary class=\"ab-accordion-title\">PLA<\/summary>\n<div class=\"ab-accordion-text\">\n<p>Una plastica biologica derivata dall&#8217;amido La versione resistente al calore (fino a 85 gradi Celsius) del PLA \u00e8 C-PLA. C-PLA \u00e8 bianco a causa dell&#8217;aggiunta di gesso. Poich\u00e9 sia il PLA che il C-PLA sono biodegradabili in un impianto di compostaggio industriale, gli articoli realizzati con questi materiali recano il logo Seedling.<\/p>\n<p><!-- \/wp:paragraph --><\/p>\n<\/div>\n<\/details>\n<\/div>\n<p><!-- \/wp:atomic-blocks\/ab-accordion --><\/p>\n<p><!-- wp:atomic-blocks\/ab-accordion --><\/p>\n<div class=\"wp-block-atomic-blocks-ab-accordion ab-block-accordion\">\n<details>\n<summary class=\"ab-accordion-title\">Bioplastica compostabile<\/summary>\n<div class=\"ab-accordion-text\">\n<p>Bioplastica \u00e8 il nome collettivo di vari tipi di plastiche ricavate da piante. Le bioplastiche Greenuso\u00ae recano il logo Seedling e il logo compostabile. Ci\u00f2 significa che i prodotti possono essere compostati sia in un impianto industriale che in un cassonetto da giardino.<\/p>\n<p><!-- \/wp:paragraph --><\/p>\n<\/div>\n<\/details>\n<\/div>\n<p><!-- \/wp:atomic-blocks\/ab-accordion --><\/p>\n<p><!-- wp:atomic-blocks\/ab-accordion --><\/p>\n<div class=\"wp-block-atomic-blocks-ab-accordion ab-block-accordion\">\n<details>\n<summary class=\"ab-accordion-title\">Carta kraft<\/summary>\n<div class=\"ab-accordion-text\">\n<p>La carta kraft \u00e8 realizzata con carta FSC\u00ae non sbiancata. Il materiale marrone ha un aspetto naturale ed \u00e8 facilmente compostabile. Per rendere la carta kraft resistente all&#8217;umidit\u00e0 e al grasso, viene aggiunto un rivestimento in PLA.<\/p>\n<p><!-- \/wp:paragraph --><\/p>\n<\/div>\n<\/details>\n<\/div>\n<p><!-- \/wp:atomic-blocks\/ab-accordion --><\/p>\n<p><!-- wp:atomic-blocks\/ab-accordion --><\/p>\n<div class=\"wp-block-atomic-blocks-ab-accordion ab-block-accordion\">\n<details>\n<summary class=\"ab-accordion-title\">Pasta di carta<\/summary>\n<div class=\"ab-accordion-text\">\n<p>La polpa \u00e8 fatta di carta e cartone riciclati. Dopo l&#8217;uso, questo materiale pu\u00f2 essere smaltito con la vecchia carta.<\/p>\n<p><!-- \/wp:paragraph --><\/p>\n<\/div>\n<\/details>\n<\/div>\n<p><!-- \/wp:atomic-blocks\/ab-accordion --><\/p>\n<p><!-- wp:atomic-blocks\/ab-accordion --><\/p>\n<div class=\"wp-block-atomic-blocks-ab-accordion ab-block-accordion\">\n<details>\n<summary class=\"ab-accordion-title\">Foglia di palma<\/summary>\n<div class=\"ab-accordion-text\">\n<p>In passato, le foglie di palma venivano bruciate. Oggi, questo prodotto eccezionale ha una nuova vita come materiale da imballaggio. Grazie alla naturale variazione delle foglie di palma, ogni oggetto \u00e8 unico.<\/p>\n<p><!-- \/wp:paragraph --><\/p>\n<\/div>\n<\/details>\n<\/div>\n<p><!-- \/wp:atomic-blocks\/ab-accordion --><\/p>\n<p><!-- wp:atomic-blocks\/ab-accordion --><\/p>\n<div class=\"wp-block-atomic-blocks-ab-accordion ab-block-accordion\">\n<details>\n<summary class=\"ab-accordion-title\">Legno<\/summary>\n<div class=\"ab-accordion-text\">\n<p>Utilizziamo principalmente legno certificato FSC\u00ae proveniente da foreste gestite in modo responsabile. Il legno \u00e8 molto resistente, pu\u00f2 resistere a temperature fino a 100 oC in un forno convenzionale o a microonde e pu\u00f2 anche essere collocato nel congelatore.<\/p>\n<p><!-- \/wp:paragraph --><\/p>\n<\/div>\n<\/details>\n<\/div>\n<p><!-- \/wp:atomic-blocks\/ab-accordion --><\/p>\n<p><!-- wp:atomic-blocks\/ab-accordion --><\/p>\n<div class=\"wp-block-atomic-blocks-ab-accordion ab-block-accordion\">\n<details>\n<summary class=\"ab-accordion-title\">Bamb\u00f9<\/summary>\n<div class=\"ab-accordion-text\">\n<p>La rapida crescita del bamb\u00f9 ne fa una materia prima adeguata. Tutti i nostri prodotti in bamb\u00f9 sono certificati FSC\u00ae e compostabili. I prodotti di bamb\u00f9 sono anche molto forti, hanno un sapore neutro, sono a prova di grasso e impermeabili e possono resistere a temperature fino a 200 oC in un forno convenzionale o a microonde.<\/p>\n<p><!-- \/wp:paragraph --><\/p>\n<\/div>\n<\/details>\n<\/div>\n<p><!-- \/wp:atomic-blocks\/ab-accordion --><\/p>\n<p><!-- wp:heading {\"align\":\"center\"} --><\/p>\n<h2 class=\"has-text-align-center\">\ud83d\udcd6 Certificazioni \ud83e\udd47<\/h2>\n<div class=\"wp-block-columns\">\n<div class=\"wp-block-column\">\n<div class=\"wp-block-image\">\n<figure class=\"aligncenter size-large is-resized\"><img loading=\"lazy\" decoding=\"async\" class=\"wp-image-3571\" src=\"https:\/\/greenuso.com\/blog\/wp-content\/uploads\/2019\/10\/TUV-AUSTRIA-OK-COMPOST-HOME.jpg\" alt=\"TUV AUSTRIA OK COMPOST HOME\" width=\"161\" height=\"121\" srcset=\"https:\/\/www.greenuso.com\/blog\/wp-content\/uploads\/2019\/10\/TUV-AUSTRIA-OK-COMPOST-HOME.jpg 200w, https:\/\/www.greenuso.com\/blog\/wp-content\/uploads\/2019\/10\/TUV-AUSTRIA-OK-COMPOST-HOME-75x56.jpg 75w, https:\/\/www.greenuso.com\/blog\/wp-content\/uploads\/2019\/10\/TUV-AUSTRIA-OK-COMPOST-HOME-150x113.jpg 150w\" sizes=\"auto, (max-width: 161px) 100vw, 161px\" \/><\/figure>\n<\/div>\n<p><!-- \/wp:image --><\/p>\n<p><!-- wp:heading {\"align\":\"center\",\"level\":3} --><\/p>\n<h3 class=\"has-text-align-center\">OK Home Compost TUV Austria<\/h3>\n<p><!-- \/wp:heading --><\/p>\n<p><!-- wp:paragraph --><\/p>\n<p>TUV AUSTRIA ha un programma di certificazione riconosciuto per il riciclaggio biologico in casa. I contenitori e gli usa e getta con il logo TUV AUSTRIA OK COMPOST HOME sono adatti al compostaggio domestico.<\/p>\n<p><!-- \/wp:paragraph --><\/p>\n<p><!-- wp:image {\"align\":\"center\",\"id\":461,\"width\":119,\"height\":88,\"sizeSlug\":\"large\"} --><\/p>\n<div class=\"wp-block-image\">\n<figure class=\"aligncenter size-large is-resized\"><img loading=\"lazy\" decoding=\"async\" class=\"wp-image-3583\" src=\"https:\/\/greenuso.com\/blog\/wp-content\/uploads\/2019\/10\/Seedling-logo.jpg\" alt=\"Seedling logo\" width=\"119\" height=\"88\" srcset=\"https:\/\/www.greenuso.com\/blog\/wp-content\/uploads\/2019\/10\/Seedling-logo.jpg 200w, https:\/\/www.greenuso.com\/blog\/wp-content\/uploads\/2019\/10\/Seedling-logo-75x56.jpg 75w\" sizes=\"auto, (max-width: 119px) 100vw, 119px\" \/><\/figure>\n<\/div>\n<p><!-- \/wp:image --><\/p>\n<p><!-- wp:heading {\"align\":\"center\",\"level\":3} --><\/p>\n<h3 class=\"has-text-align-center\">Logo delle piantine<\/h3>\n<p><!-- \/wp:heading --><\/p>\n<p><!-- wp:paragraph --><\/p>\n<p>I materiali di imballaggio compostabili sono materiali conformi alla norma EN 13432. Solo gli imballaggi certificati EN 13432 e gli imballaggi monouso possono utilizzare il logo della piantina e\/o il logo OK COMPOST. Entrambi i loghi mostrano che il prodotto pu\u00f2 essere composto in un ambiente industriale.<\/p>\n<p><!-- \/wp:paragraph --><\/p>\n<\/div>\n<p><!-- \/wp:column --><\/p>\n<p><!-- wp:column --><\/p>\n<div class=\"wp-block-column\"><!-- wp:image {\"align\":\"center\",\"id\":460,\"width\":154,\"height\":114,\"sizeSlug\":\"large\"} --><p><\/p>\n<div class=\"wp-block-image\">\n<figure class=\"aligncenter size-large is-resized\"><img loading=\"lazy\" decoding=\"async\" class=\"wp-image-3577\" src=\"https:\/\/greenuso.com\/blog\/wp-content\/uploads\/2019\/10\/TUV-AUSTRIA-OK-COMPOST-LOGO.jpg\" alt=\"TUV AUSTRIA OK COMPOST LOGO\" width=\"154\" height=\"114\"><\/figure>\n<\/div>\n<p><!-- \/wp:image --><\/p>\n<p><!-- wp:heading {\"align\":\"center\",\"level\":3} --><\/p>\n<h3 class=\"has-text-align-center\">OK Compost industriale TUV Austria<\/h3>\n<p><!-- \/wp:heading --><\/p>\n<p><!-- wp:paragraph --><\/p>\n<p>I materiali di imballaggio compostabili sono materiali conformi alla norma EN 13432. Solo gli imballaggi e i prodotti monouso certificati secondo la norma EN 13432 possono utilizzare la piantina e\/o il logo TUV AUSTRIA OK COMPOST. Entrambi i loghi mostrano che il prodotto pu\u00f2 essere composito industrialmente.<\/p>\n<p><!-- \/wp:paragraph --><\/p>\n<p><!-- wp:image {\"align\":\"center\",\"id\":462,\"width\":180,\"height\":134,\"sizeSlug\":\"large\"} --><\/p>\n<div class=\"wp-block-image\">\n<figure class=\"aligncenter size-large is-resized\"><img loading=\"lazy\" decoding=\"async\" class=\"wp-image-3589\" src=\"https:\/\/greenuso.com\/blog\/wp-content\/uploads\/2019\/10\/FSC-certified.jpg\" alt=\"FSC certified\" width=\"180\" height=\"134\" srcset=\"https:\/\/www.greenuso.com\/blog\/wp-content\/uploads\/2019\/10\/FSC-certified.jpg 200w, https:\/\/www.greenuso.com\/blog\/wp-content\/uploads\/2019\/10\/FSC-certified-75x56.jpg 75w, https:\/\/www.greenuso.com\/blog\/wp-content\/uploads\/2019\/10\/FSC-certified-150x113.jpg 150w\" sizes=\"auto, (max-width: 180px) 100vw, 180px\" \/><\/figure>\n<\/div>\n<p><!-- \/wp:image --><\/p>\n<p><!-- wp:heading {\"align\":\"center\",\"level\":3} --><\/p>\n<h3 class=\"has-text-align-center\">FSC E PEFC<\/h3>\n<p><!-- \/wp:heading --><\/p>\n<p><!-- wp:paragraph --><\/p>\n<p>I prodotti certificati FSC sono realizzati con legno e materie prime legate al legno, come carta e cartone, provenienti da foreste gestite in modo sostenibile.<\/p>\n<p><!-- \/wp:paragraph --><\/p>\n<\/div>\n<p><!-- \/wp:column --><\/p>\n<\/div>\n<p><!-- \/wp:columns --><\/p>\n<p><!-- wp:columns --><\/p>\n<div class=\"wp-block-columns\"><!-- wp:column --><p><\/p>\n<div class=\"wp-block-column\"><!-- wp:image {\"align\":\"center\",\"id\":48,\"sizeSlug\":\"large\",\"className\":\"is-style-circle-mask\"} --><p><\/p>\n<div class=\"wp-block-image is-style-circle-mask\">\n<figure class=\"aligncenter size-large\"><\/figure>\n<\/div>\n<p><!-- \/wp:image --><\/p>\n<\/div>\n<p><!-- \/wp:column --><\/p>\n<p><!-- wp:column --><\/p>\n<div class=\"wp-block-column\"><!-- wp:heading {\"level\":3} --><p><\/p>\n<h3>Servizio di ristorazione<\/h3>\n<p><!-- \/wp:heading --><\/p>\n<p><!-- wp:paragraph --><\/p>\n<p>I prodotti Greenuso\u00ae sono essenziali per i professionisti della ristorazione e del catering che apprezzano l&#8217;autenticit\u00e0 e la purezza naturale. Biodore\u00ae \u00e8 anche il creatore di ambienti naturali in occasione di festival ed eventi. Provate a vivere la natura!<\/p>\n<p><!-- \/wp:paragraph --><\/p>\n<\/div>\n<p><!-- \/wp:column --><\/p>\n<\/div>\n<p><!-- \/wp:columns --><\/p>\n<p><!-- wp:columns --><\/p>\n<div class=\"wp-block-columns\"><!-- wp:column --><p><\/p>\n<div class=\"wp-block-column\"><!-- wp:heading {\"level\":3} --><p><\/p>\n<h3>Ufficio \/ Strutture<\/h3>\n<p><!-- \/wp:heading --><\/p>\n<p><!-- wp:paragraph --><\/p>\n<p>Il packaging \u00e8 un ottimo modo per comunicare la vostra Responsabilit\u00e0 Sociale d&#8217;Impresa. Greenuso\u00ae pu\u00f2 aiutare. Lasciate che i vostri dipendenti e clienti vedano che siete coinvolti nel mondo naturale e nella societ\u00e0.<\/p>\n<p><!-- \/wp:paragraph --><\/p>\n<\/div>\n<p><!-- \/wp:column --><\/p>\n<p><!-- wp:column --><\/p>\n<div class=\"wp-block-column\"><!-- wp:image {\"align\":\"center\",\"id\":1365,\"width\":370,\"height\":157,\"sizeSlug\":\"large\",\"className\":\"is-style-circle-mask\"} --><p><\/p>\n<div class=\"wp-block-image is-style-circle-mask\">\n<figure class=\"aligncenter size-large is-resized\"><\/figure>\n<\/div>\n<p><!-- \/wp:image --><\/p>\n<\/div>\n<p><!-- \/wp:column --><\/p>\n<\/div>\n<p><!-- \/wp:columns --><\/p>\n<p><!-- wp:columns --><\/p>\n<div class=\"wp-block-columns\"><!-- wp:column --><p><\/p>\n<div class=\"wp-block-column\"><!-- wp:image {\"align\":\"center\",\"id\":46,\"sizeSlug\":\"large\",\"className\":\"is-style-circle-mask\"} --><p><\/p>\n<div class=\"wp-block-image is-style-circle-mask\">\n<figure class=\"aligncenter size-large\"><\/figure>\n<\/div>\n<p><!-- \/wp:image --><\/p>\n<\/div>\n<p><!-- \/wp:column --><\/p>\n<p><!-- wp:column --><\/p>\n<div class=\"wp-block-column\"><!-- wp:heading {\"level\":3} --><p><\/p>\n<h3>Vendita al dettaglio<\/h3>\n<p><!-- \/wp:heading --><\/p>\n<p><!-- wp:paragraph --><\/p>\n<p>Offriamo una serie di pacchetti di vendita al dettaglio soprattutto per la vendita diretta ai consumatori. Saremo lieti di consigliarvi su una presentazione ottimale degli scaffali e di aiutarvi nelle campagne (stagionali).<\/p>\n<p><!-- \/wp:paragraph --><\/p>\n<\/div>\n<p><!-- \/wp:column --><\/p>\n<\/div>\n<p><!-- \/wp:columns --><\/p>\n<p><!-- wp:columns --><\/p>\n<div class=\"wp-block-columns\"><!-- wp:column --><p><\/p>\n<div class=\"wp-block-column\"><!-- wp:heading {\"level\":3} --><p><\/p>\n<h3>Vendita al dettaglio di prodotti non alimentari<\/h3>\n<p><!-- \/wp:heading --><\/p>\n<p><!-- wp:paragraph --><\/p>\n<p>I non alimentari hanno un gusto per il packaging. Vediamo regolarmente i prodotti Greenuso\u00ae come base per confezioni regalo uniche.<\/p>\n<\/div>\n<\/div>\n<div class=\"wp-block-group alignwide\">\n<div class=\"wp-block-group__inner-container\">\n<p><!-- \/wp:gallery --><\/p>\n<\/div>\n<\/div>\n<p><!-- \/wp:group --><\/p>","protected":false},"excerpt":{"rendered":"<p>Promuoviamo la sostenibilit\u00e0 nel settore dell&#8217;ospitalit\u00e0 e per questo abbiamo lanciato il nostro marchio, Greenuso. Preoccupati per la distribuzione di imballaggi ecologici,\u2026<\/p>\n","protected":false},"author":1,"featured_media":0,"parent":0,"menu_order":0,"comment_status":"closed","ping_status":"closed","template":"","meta":{"_crdt_document":"","site-sidebar-layout":"default","site-content-layout":"","ast-site-content-layout":"default","site-content-style":"default","site-sidebar-style":"default","ast-global-header-display":"","ast-banner-title-visibility":"","ast-main-header-display":"","ast-hfb-above-header-display":"","ast-hfb-below-header-display":"","ast-hfb-mobile-header-display":"","site-post-title":"","ast-breadcrumbs-content":"","ast-featured-img":"","footer-sml-layout":"","ast-disable-related-posts":"","theme-transparent-header-meta":"","adv-header-id-meta":"","stick-header-meta":"","header-above-stick-meta":"","header-main-stick-meta":"","header-below-stick-meta":"","astra-migrate-meta-layouts":"default","ast-page-background-enabled":"default","ast-page-background-meta":{"desktop":{"background-color":"var(--ast-global-color-4)","background-image":"","background-repeat":"repeat","background-position":"center center","background-size":"auto","background-attachment":"scroll","background-type":"","background-media":"","overlay-type":"","overlay-color":"","overlay-opacity":"","overlay-gradient":""},"tablet":{"background-color":"","background-image":"","background-repeat":"repeat","background-position":"center center","background-size":"auto","background-attachment":"scroll","background-type":"","background-media":"","overlay-type":"","overlay-color":"","overlay-opacity":"","overlay-gradient":""},"mobile":{"background-color":"","background-image":"","background-repeat":"repeat","background-position":"center center","background-size":"auto","background-attachment":"scroll","background-type":"","background-media":"","overlay-type":"","overlay-color":"","overlay-opacity":"","overlay-gradient":""}},"ast-content-background-meta":{"desktop":{"background-color":"var(--ast-global-color-5)","background-image":"","background-repeat":"repeat","background-position":"center center","background-size":"auto","background-attachment":"scroll","background-type":"","background-media":"","overlay-type":"","overlay-color":"","overlay-opacity":"","overlay-gradient":""},"tablet":{"background-color":"var(--ast-global-color-5)","background-image":"","background-repeat":"repeat","background-position":"center center","background-size":"auto","background-attachment":"scroll","background-type":"","background-media":"","overlay-type":"","overlay-color":"","overlay-opacity":"","overlay-gradient":""},"mobile":{"background-color":"var(--ast-global-color-5)","background-image":"","background-repeat":"repeat","background-position":"center center","background-size":"auto","background-attachment":"scroll","background-type":"","background-media":"","overlay-type":"","overlay-color":"","overlay-opacity":"","overlay-gradient":""}},"footnotes":""},"class_list":["post-2759","page","type-page","status-publish","hentry"],"_links":{"self":[{"href":"https:\/\/www.greenuso.com\/blog\/it\/wp-json\/wp\/v2\/pages\/2759","targetHints":{"allow":["GET"]}}],"collection":[{"href":"https:\/\/www.greenuso.com\/blog\/it\/wp-json\/wp\/v2\/pages"}],"about":[{"href":"https:\/\/www.greenuso.com\/blog\/it\/wp-json\/wp\/v2\/types\/page"}],"author":[{"embeddable":true,"href":"https:\/\/www.greenuso.com\/blog\/it\/wp-json\/wp\/v2\/users\/1"}],"replies":[{"embeddable":true,"href":"https:\/\/www.greenuso.com\/blog\/it\/wp-json\/wp\/v2\/comments?post=2759"}],"version-history":[{"count":9,"href":"https:\/\/www.greenuso.com\/blog\/it\/wp-json\/wp\/v2\/pages\/2759\/revisions"}],"predecessor-version":[{"id":21815,"href":"https:\/\/www.greenuso.com\/blog\/it\/wp-json\/wp\/v2\/pages\/2759\/revisions\/21815"}],"wp:attachment":[{"href":"https:\/\/www.greenuso.com\/blog\/it\/wp-json\/wp\/v2\/media?parent=2759"}],"curies":[{"name":"wp","href":"https:\/\/api.w.org\/{rel}","templated":true}]}}