{"id":2763,"date":"2019-10-21T09:36:19","date_gmt":"2019-10-21T07:36:19","guid":{"rendered":"https:\/\/greenuso.com\/blog\/elementor-14\/"},"modified":"2022-10-25T11:43:04","modified_gmt":"2022-10-25T09:43:04","slug":"elementor-14","status":"publish","type":"page","link":"https:\/\/www.greenuso.com\/blog\/pl\/elementor-14\/","title":{"rendered":"BLOG MONOUSO"},"content":{"rendered":"\n<p class=\"wp-block-paragraph\">Promujemy zr\u00f3wnowa\u017cony rozw\u00f3j w sektorze hotelarskim, dlatego te\u017c wprowadzili\u015bmy na rynek nasz\u0105 mark\u0119 &#8211; Greenuso. Troszcz\u0105c si\u0119 o dystrybucj\u0119 opakowa\u0144 przyjaznych \u015brodowisku, uda\u0142o nam si\u0119 znacznie ograniczy\u0107 wp\u0142yw na \u015brodowisko. Aby to osi\u0105gn\u0105\u0107, koncentrujemy si\u0119 na dostarczaniu szerokiej gamy ekologicznych opakowa\u0144 wykonanych z naturalnych surowc\u00f3w.<\/p>\n\n\n\n<h2 class=\"wp-block-heading\">\ud83d\udcf0 <a style=\"color:white\" href=\"https:\/\/greenuso.com\/blog\/pl\/wiadomosci\/\" target=\"_blank\" rel=\"noopener\">Wiadomo\u015bci ekologiczne<\/a><\/h2>\n\n\n\n\n\n<div class=\"wp-block-column is-layout-flow wp-block-column-is-layout-flow\">\n<div class=\"wp-block-atomic-blocks-ab-cta ab-block-cta\" style=\"text-align: center;\">\n<div class=\"ab-cta-content\">\n<div class=\"ab-cta-text ab-font-size-32\" style=\"color: #32373c;\">\n<p>Nasz asortyment rozci\u0105ga si\u0119 od jednorazowych kubk\u00f3w na napoje, zastawy sto\u0142owej i pojemnik\u00f3w na \u017cywno\u015b\u0107, po worki na \u015bmieci, pojemniki gastronomiczne i torby na \u015bmieci. Nasz asortyment jest obszerny i aby zapewni\u0107, \u017ce zawsze spe\u0142niamy potrzeby i \u017cyczenia naszych klient\u00f3w, stale si\u0119 rozszerza. Korzystaj z silnej i rozpoznawalnej marki oraz wyra\u017anej historii.<\/p>\n<\/div>\n<\/div>\n<\/div>\n<\/div>\n\n\n<p><!-- \/wp:post-content --><\/p>\n<div class=\"wp-block-column\"><!-- wp:atomic-blocks\/ab-cta {\"buttonText\":\" \ud83d\udcdd Contacta con nosotros\",\"buttonBackgroundColor\":\"#00d084\"} \/--><\/div>\n<p><!-- \/wp:column --><\/p>\n<p><\/p>\n<p><!-- \/wp:columns --><\/p>\n<p><!-- wp:heading {\"align\":\"center\"} --><\/p>\n<h2 class=\"has-text-align-center\">Materia\u0142y ekologiczne<\/h2>\n<p><!-- \/wp:heading --><\/p>\n<p><!-- wp:paragraph --><\/p>\n<p>W skr\u00f3cie obja\u015bniamy Pa\u0144stwu materia\u0142y ekologiczne, kt\u00f3re mo\u017cna znale\u017a\u0107 w naszych produktach, przyczyniaj\u0105c si\u0119 do tworzenia lepszego \u015bwiata. Mo\u017cesz klikn\u0105\u0107 na ka\u017cdy materia\u0142, aby wy\u015bwietli\u0107 jego opis.<\/p>\n<p><!-- \/wp:paragraph --><\/p>\n<p><!-- wp:atomic-blocks\/ab-accordion --><\/p>\n<div class=\"wp-block-atomic-blocks-ab-accordion ab-block-accordion\">\n<details>\n<summary class=\"ab-accordion-title\">Bagasse<\/summary>\n<div class=\"ab-accordion-text\">\n<p>Bagasa, znana r\u00f3wnie\u017c jako pulpa z trzciny cukrowej, jest pozosta\u0142ym w\u0142\u00f3knem w produkcji cukru z trzciny cukrowej. Wysoka zawarto\u015b\u0107 celulozy sprawia, \u017ce bagasse jest niezwykle wytrzyma\u0142ym materia\u0142em i jest w stanie wytrzyma\u0107 temperatury do 100 stopni Celsjusza zar\u00f3wno w piecach konwencjonalnych, jak i mikrofalowych.<\/p>\n<p><!-- \/wp:paragraph --><\/p>\n<\/div>\n<\/details>\n<\/div>\n<p><!-- \/wp:atomic-blocks\/ab-accordion --><\/p>\n<p><!-- wp:atomic-blocks\/ab-accordion --><\/p>\n<div class=\"wp-block-atomic-blocks-ab-accordion ab-block-accordion\">\n<details>\n<summary class=\"ab-accordion-title\">Karton<\/summary>\n<div class=\"ab-accordion-text\">\n<p>Nasza tektura wykonana jest z podstawowych w\u0142\u00f3kien drzewnych. Rezultatem jest idealny monomateria\u0142 do recyklingu. Produkty z kartonu Greenuso\u00ae mog\u0105 by\u0107 utylizowane przy u\u017cyciu starego papieru.<\/p>\n<p><!-- \/wp:paragraph --><\/p>\n<\/div>\n<\/details>\n<\/div>\n<p><!-- \/wp:atomic-blocks\/ab-accordion --><\/p>\n<p><!-- wp:atomic-blocks\/ab-accordion --><\/p>\n<div class=\"wp-block-atomic-blocks-ab-accordion ab-block-accordion\">\n<details>\n<summary class=\"ab-accordion-title\">PLA<\/summary>\n<div class=\"ab-accordion-text\">\n<p>Biologiczny plastik pochodz\u0105cy ze skrobi. Wersja \u017caroodporna (do 85 stopni Celsjusza) PLA to C-PLA. C-PLA jest bia\u0142y z powodu dodania kredy. Poniewa\u017c zar\u00f3wno PLA jak i C-PLA ulegaj\u0105 biodegradacji w kompostowni przemys\u0142owej, elementy wykonane z tych materia\u0142\u00f3w opatrzone s\u0105 logo Seedling.<\/p>\n<p><!-- \/wp:paragraph --><\/p>\n<\/div>\n<\/details>\n<\/div>\n<p><!-- \/wp:atomic-blocks\/ab-accordion --><\/p>\n<p><!-- wp:atomic-blocks\/ab-accordion --><\/p>\n<div class=\"wp-block-atomic-blocks-ab-accordion ab-block-accordion\">\n<details>\n<summary class=\"ab-accordion-title\">Bioplasty kompostowalne<\/summary>\n<div class=\"ab-accordion-text\">\n<p>Bioplasty to wsp\u00f3lna nazwa r\u00f3\u017cnych rodzaj\u00f3w tworzyw sztucznych produkowanych z ro\u015blin. Bioplastiki Greenuso\u00ae posiadaj\u0105 logo Seedling i logo kompostowalne. Oznacza to, \u017ce produkty mog\u0105 by\u0107 kompostowane albo w zak\u0142adzie przemys\u0142owym, albo w ogrodowym koszu na \u015bmieci.<\/p>\n<p><!-- \/wp:paragraph --><\/p>\n<\/div>\n<\/details>\n<\/div>\n<p><!-- \/wp:atomic-blocks\/ab-accordion --><\/p>\n<p><!-- wp:atomic-blocks\/ab-accordion --><\/p>\n<div class=\"wp-block-atomic-blocks-ab-accordion ab-block-accordion\">\n<details>\n<summary class=\"ab-accordion-title\">Papier kraftowy<\/summary>\n<div class=\"ab-accordion-text\">\n<p>Papier Kraft jest wykonany z niebielonego papieru FSC\u00ae. Br\u0105zowy materia\u0142 ma naturalny wygl\u0105d i jest \u0142atwo kompostowany. Aby papier siarczanowy by\u0142 odporny na wilgo\u0107 i t\u0142uszcz, dodawana jest pow\u0142oka PLA.<\/p>\n<p><!-- \/wp:paragraph --><\/p>\n<\/div>\n<\/details>\n<\/div>\n<p><!-- \/wp:atomic-blocks\/ab-accordion --><\/p>\n<p><!-- wp:atomic-blocks\/ab-accordion --><\/p>\n<div class=\"wp-block-atomic-blocks-ab-accordion ab-block-accordion\">\n<details>\n<summary class=\"ab-accordion-title\">Masa papiernicza i papier<\/summary>\n<div class=\"ab-accordion-text\">\n<p>Masa celulozowa produkowana jest z papieru i tektury z recyklingu. Po u\u017cyciu, materia\u0142 ten mo\u017cna zutylizowa\u0107 za pomoc\u0105 starego papieru.<\/p>\n<p><!-- \/wp:paragraph --><\/p>\n<\/div>\n<\/details>\n<\/div>\n<p><!-- \/wp:atomic-blocks\/ab-accordion --><\/p>\n<p><!-- wp:atomic-blocks\/ab-accordion --><\/p>\n<div class=\"wp-block-atomic-blocks-ab-accordion ab-block-accordion\">\n<details>\n<summary class=\"ab-accordion-title\">Li\u015b\u0107 palmowy<\/summary>\n<div class=\"ab-accordion-text\">\n<p>W przesz\u0142o\u015bci palono li\u015bcie palmowe. Dzi\u015b ten wyj\u0105tkowy produkt ma nowe \u017cycie jako materia\u0142 opakowaniowy. Dzi\u0119ki naturalnej r\u00f3\u017cnorodno\u015bci li\u015bci palmowych, ka\u017cdy element jest wyj\u0105tkowy.<\/p>\n<p><!-- \/wp:paragraph --><\/p>\n<\/div>\n<\/details>\n<\/div>\n<p><!-- \/wp:atomic-blocks\/ab-accordion --><\/p>\n<p><!-- wp:atomic-blocks\/ab-accordion --><\/p>\n<div class=\"wp-block-atomic-blocks-ab-accordion ab-block-accordion\">\n<details>\n<summary class=\"ab-accordion-title\">Drewno<\/summary>\n<div class=\"ab-accordion-text\">\n<p>U\u017cywamy g\u0142\u00f3wnie drewna certyfikowanego FSC\u00ae pochodz\u0105cego z odpowiedzialnie zarz\u0105dzanych las\u00f3w. Drewno jest bardzo odporne, mo\u017ce wytrzyma\u0107 temperatur\u0119 do 100 oC w piecu konwencjonalnym lub mikrofalowym, a tak\u017ce mo\u017ce by\u0107 umieszczone w zamra\u017carce.<\/p>\n<p><!-- \/wp:paragraph --><\/p>\n<\/div>\n<\/details>\n<\/div>\n<p><!-- \/wp:atomic-blocks\/ab-accordion --><\/p>\n<p><!-- wp:atomic-blocks\/ab-accordion --><\/p>\n<div class=\"wp-block-atomic-blocks-ab-accordion ab-block-accordion\">\n<details>\n<summary class=\"ab-accordion-title\">Bambus<\/summary>\n<div class=\"ab-accordion-text\">\n<p>Szybki wzrost bambusa sprawia, \u017ce jest on odpowiednim surowcem. Wszystkie nasze produkty bambusowe posiadaj\u0105 certyfikat FSC\u00ae i nadaj\u0105 si\u0119 do kompostowania. Produkty bambusowe s\u0105 r\u00f3wnie\u017c bardzo mocne, neutralne w smaku, odporne na t\u0142uszcze i wod\u0119 oraz wytrzymuj\u0105 temperatur\u0119 do 200 oC w kuchence konwencjonalnej lub mikrofalowej.<\/p>\n<p><!-- \/wp:paragraph --><\/p>\n<\/div>\n<\/details>\n<\/div>\n<p><!-- \/wp:atomic-blocks\/ab-accordion --><\/p>\n<p><!-- wp:heading {\"align\":\"center\"} --><\/p>\n<h2 class=\"has-text-align-center\">\ud83d\udcd6 Certyfikaty \ud83e\udd47<\/h2>\n<div class=\"wp-block-columns\">\n<div class=\"wp-block-column\">\n<div class=\"wp-block-image\">\n<figure class=\"aligncenter size-large is-resized\"><img loading=\"lazy\" decoding=\"async\" class=\"wp-image-3572\" src=\"https:\/\/greenuso.com\/blog\/wp-content\/uploads\/2019\/10\/TUV-AUSTRIA-OK-COMPOST-HOME.jpg\" alt=\"TUV AUSTRIA OK COMPOST HOME\" width=\"161\" height=\"121\" srcset=\"https:\/\/www.greenuso.com\/blog\/wp-content\/uploads\/2019\/10\/TUV-AUSTRIA-OK-COMPOST-HOME.jpg 200w, https:\/\/www.greenuso.com\/blog\/wp-content\/uploads\/2019\/10\/TUV-AUSTRIA-OK-COMPOST-HOME-75x56.jpg 75w, https:\/\/www.greenuso.com\/blog\/wp-content\/uploads\/2019\/10\/TUV-AUSTRIA-OK-COMPOST-HOME-150x113.jpg 150w\" sizes=\"auto, (max-width: 161px) 100vw, 161px\" \/><\/figure>\n<\/div>\n<p><!-- \/wp:image --><\/p>\n<p><!-- wp:heading {\"align\":\"center\",\"level\":3} --><\/p>\n<h3 class=\"has-text-align-center\">OK Kompost domowy TUV Austria<\/h3>\n<p><!-- \/wp:heading --><\/p>\n<p><!-- wp:paragraph --><\/p>\n<p>TUV AUSTRIA posiada uznany program certyfikacji w zakresie recyklingu organicznego w domu. Pojemniki i pojemniki jednorazowe z logo TUV AUSTRIA OK COMPOST HOME nadaj\u0105 si\u0119 do kompostowania w domu.<\/p>\n<p><!-- \/wp:paragraph --><\/p>\n<p><!-- wp:image {\"align\":\"center\",\"id\":461,\"width\":119,\"height\":88,\"sizeSlug\":\"large\"} --><\/p>\n<div class=\"wp-block-image\">\n<figure class=\"aligncenter size-large is-resized\"><img loading=\"lazy\" decoding=\"async\" class=\"wp-image-3584\" src=\"https:\/\/greenuso.com\/blog\/wp-content\/uploads\/2019\/10\/Seedling-logo.jpg\" alt=\"Seedling logo\" width=\"119\" height=\"88\" srcset=\"https:\/\/www.greenuso.com\/blog\/wp-content\/uploads\/2019\/10\/Seedling-logo.jpg 200w, https:\/\/www.greenuso.com\/blog\/wp-content\/uploads\/2019\/10\/Seedling-logo-75x56.jpg 75w\" sizes=\"auto, (max-width: 119px) 100vw, 119px\" \/><\/figure>\n<\/div>\n<p><!-- \/wp:image --><\/p>\n<p><!-- wp:heading {\"align\":\"center\",\"level\":3} --><\/p>\n<h3 class=\"has-text-align-center\">Logo &#8222;Seedling<\/h3>\n<p><!-- \/wp:heading --><\/p>\n<p><!-- wp:paragraph --><\/p>\n<p>Kompostowalne materia\u0142y opakowaniowe to materia\u0142y zgodne z norm\u0105 EN 13432. Tylko certyfikowane opakowania i produkty jednorazowego u\u017cytku zgodne z norm\u0105 EN 13432 mog\u0105 u\u017cywa\u0107 logo sadzonek i\/lub logo OK COMPOST. Oba logo pokazuj\u0105, \u017ce produkt mo\u017ce by\u0107 kompostowany w \u015brodowisku przemys\u0142owym.<\/p>\n<p><!-- \/wp:paragraph --><\/p>\n<\/div>\n<p><!-- \/wp:column --><\/p>\n<p><!-- wp:column --><\/p>\n<div class=\"wp-block-column\"><!-- wp:image {\"align\":\"center\",\"id\":460,\"width\":154,\"height\":114,\"sizeSlug\":\"large\"} --><p><\/p>\n<div class=\"wp-block-image\">\n<figure class=\"aligncenter size-large is-resized\"><img loading=\"lazy\" decoding=\"async\" class=\"wp-image-3578\" src=\"https:\/\/greenuso.com\/blog\/wp-content\/uploads\/2019\/10\/TUV-AUSTRIA-OK-COMPOST-LOGO.jpg\" alt=\"TUV AUSTRIA OK COMPOST LOGO\" width=\"154\" height=\"114\"><\/figure>\n<\/div>\n<p><!-- \/wp:image --><\/p>\n<p><!-- wp:heading {\"align\":\"center\",\"level\":3} --><\/p>\n<h3 class=\"has-text-align-center\">OK Kompost przemys\u0142owy TUV Austria<\/h3>\n<p><!-- \/wp:heading --><\/p>\n<p><!-- wp:paragraph --><\/p>\n<p>Kompostowalne materia\u0142y opakowaniowe to materia\u0142y zgodne z norm\u0105 EN 13432. Sadzonki i\/lub logo TUV AUSTRIA OK COMPOST mog\u0105 by\u0107 u\u017cywane wy\u0142\u0105cznie w opakowaniach i materia\u0142ach jednorazowego u\u017cytku, kt\u00f3re zosta\u0142y certyfikowane zgodnie z norm\u0105 EN 13432. Oba logo pokazuj\u0105, \u017ce produkt mo\u017ce by\u0107 kompostowany przemys\u0142owo.<\/p>\n<p><!-- \/wp:paragraph --><\/p>\n<p><!-- wp:image {\"align\":\"center\",\"id\":462,\"width\":180,\"height\":134,\"sizeSlug\":\"large\"} --><\/p>\n<div class=\"wp-block-image\">\n<figure class=\"aligncenter size-large is-resized\"><img loading=\"lazy\" decoding=\"async\" class=\"wp-image-3590\" src=\"https:\/\/greenuso.com\/blog\/wp-content\/uploads\/2019\/10\/FSC-certified.jpg\" alt=\"FSC certified\" width=\"180\" height=\"134\" srcset=\"https:\/\/www.greenuso.com\/blog\/wp-content\/uploads\/2019\/10\/FSC-certified.jpg 200w, https:\/\/www.greenuso.com\/blog\/wp-content\/uploads\/2019\/10\/FSC-certified-75x56.jpg 75w, https:\/\/www.greenuso.com\/blog\/wp-content\/uploads\/2019\/10\/FSC-certified-150x113.jpg 150w\" sizes=\"auto, (max-width: 180px) 100vw, 180px\" \/><\/figure>\n<\/div>\n<p><!-- \/wp:image --><\/p>\n<p><!-- wp:heading {\"align\":\"center\",\"level\":3} --><\/p>\n<h3 class=\"has-text-align-center\">FSC I PEFC<\/h3>\n<p><!-- \/wp:heading --><\/p>\n<p><!-- wp:paragraph --><\/p>\n<p>Produkty z certyfikatem FSC s\u0105 wykonane z drewna i surowc\u00f3w drewnopochodnych, takich jak papier i tektura, kt\u00f3re pochodz\u0105 z las\u00f3w zarz\u0105dzanych w spos\u00f3b zr\u00f3wnowa\u017cony.<\/p>\n<p><!-- \/wp:paragraph --><\/p>\n<\/div>\n<p><!-- \/wp:column --><\/p>\n<\/div>\n<p><!-- \/wp:columns --><\/p>\n<p><!-- wp:columns --><\/p>\n<div class=\"wp-block-columns\"><!-- wp:column --><p><\/p>\n<div class=\"wp-block-column\"><!-- wp:image {\"align\":\"center\",\"id\":48,\"sizeSlug\":\"large\",\"className\":\"is-style-circle-mask\"} --><p><\/p>\n<div class=\"wp-block-image is-style-circle-mask\">\n<figure class=\"aligncenter size-large\"><\/figure>\n<\/div>\n<p><!-- \/wp:image --><\/p>\n<\/div>\n<p><!-- \/wp:column --><\/p>\n<p><!-- wp:column --><\/p>\n<div class=\"wp-block-column\"><!-- wp:heading {\"level\":3} --><p><\/p>\n<h3>Obs\u0142uga gastronomiczna<\/h3>\n<p><!-- \/wp:heading --><\/p>\n<p><!-- wp:paragraph --><\/p>\n<p>Produkty Greenuso\u00ae s\u0105 niezb\u0119dne dla profesjonalist\u00f3w w bran\u017cy restauracyjnej i gastronomicznej, kt\u00f3rzy ceni\u0105 sobie autentyczno\u015b\u0107 i naturaln\u0105 czysto\u015b\u0107. Biodore\u00ae jest r\u00f3wnie\u017c tw\u00f3rc\u0105 \u015brodowiska naturalnego na festiwalach i imprezach. Spr\u00f3buj do\u015bwiadczy\u0107 natury!<\/p>\n<p><!-- \/wp:paragraph --><\/p>\n<\/div>\n<p><!-- \/wp:column --><\/p>\n<\/div>\n<p><!-- \/wp:columns --><\/p>\n<p><!-- wp:columns --><\/p>\n<div class=\"wp-block-columns\"><!-- wp:column --><p><\/p>\n<div class=\"wp-block-column\"><!-- wp:heading {\"level\":3} --><p><\/p>\n<h3>Biuro \/ Obiekty<\/h3>\n<p><!-- \/wp:heading --><\/p>\n<p><!-- wp:paragraph --><\/p>\n<p>Opakowania s\u0105 doskona\u0142ym sposobem komunikowania swojej spo\u0142ecznej odpowiedzialno\u015bci biznesu. Greenuso\u00ae mo\u017ce pom\u00f3c. Pozw\u00f3l swoim pracownikom i klientom zobaczy\u0107, \u017ce jeste\u015b zaanga\u017cowany w \u015bwiat przyrody i spo\u0142ecze\u0144stwo.<\/p>\n<p><!-- \/wp:paragraph --><\/p>\n<\/div>\n<p><!-- \/wp:column --><\/p>\n<p><!-- wp:column --><\/p>\n<div class=\"wp-block-column\"><!-- wp:image {\"align\":\"center\",\"id\":1365,\"width\":370,\"height\":157,\"sizeSlug\":\"large\",\"className\":\"is-style-circle-mask\"} --><p><\/p>\n<div class=\"wp-block-image is-style-circle-mask\">\n<figure class=\"aligncenter size-large is-resized\"><\/figure>\n<\/div>\n<p><!-- \/wp:image --><\/p>\n<\/div>\n<p><!-- \/wp:column --><\/p>\n<\/div>\n<p><!-- \/wp:columns --><\/p>\n<p><!-- wp:columns --><\/p>\n<div class=\"wp-block-columns\"><!-- wp:column --><p><\/p>\n<div class=\"wp-block-column\"><!-- wp:image {\"align\":\"center\",\"id\":46,\"sizeSlug\":\"large\",\"className\":\"is-style-circle-mask\"} --><p><\/p>\n<div class=\"wp-block-image is-style-circle-mask\">\n<figure class=\"aligncenter size-large\"><\/figure>\n<\/div>\n<p><!-- \/wp:image --><\/p>\n<\/div>\n<p><!-- \/wp:column --><\/p>\n<p><!-- wp:column --><\/p>\n<div class=\"wp-block-column\"><!-- wp:heading {\"level\":3} --><p><\/p>\n<h3>Sprzeda\u017c detaliczna<\/h3>\n<p><!-- \/wp:heading --><\/p>\n<p><!-- wp:paragraph --><\/p>\n<p>Oferujemy szereg pakiet\u00f3w detalicznych przeznaczonych specjalnie do sprzeda\u017cy bezpo\u015bredniej dla konsument\u00f3w. Ch\u0119tnie doradzimy Pa\u0144stwu w zakresie optymalnej prezentacji p\u00f3\u0142ek i pomo\u017cemy w kampanii (sezonowej).<\/p>\n<p><!-- \/wp:paragraph --><\/p>\n<\/div>\n<p><!-- \/wp:column --><\/p>\n<\/div>\n<p><!-- \/wp:columns --><\/p>\n<p><!-- wp:columns --><\/p>\n<div class=\"wp-block-columns\"><!-- wp:column --><p><\/p>\n<div class=\"wp-block-column\"><!-- wp:heading {\"level\":3} --><p><\/p>\n<h3>Handel detaliczny produktami niespo\u017cywczymi<\/h3>\n<p><!-- \/wp:heading --><\/p>\n<p><!-- wp:paragraph --><\/p>\n<p>Produkty nie\u017cywno\u015bciowe maj\u0105 smak opakowania. Regularnie widujemy produkty Greenuso\u00ae u\u017cywane jako podstawa unikalnych opakowa\u0144 na prezenty.<\/p>\n<\/div>\n<\/div>\n<div class=\"wp-block-group alignwide\">\n<div class=\"wp-block-group__inner-container\">\n<p><!-- \/wp:gallery --><\/p>\n<\/div>\n<\/div>\n<p><!-- \/wp:group --><\/p>","protected":false},"excerpt":{"rendered":"<p>Promujemy zr\u00f3wnowa\u017cony rozw\u00f3j w sektorze hotelarskim, dlatego te\u017c wprowadzili\u015bmy na rynek nasz\u0105 mark\u0119 &#8211; Greenuso. Troszcz\u0105c si\u0119 o dystrybucj\u0119 opakowa\u0144 przyjaznych \u015brodowisku,\u2026<\/p>\n","protected":false},"author":1,"featured_media":0,"parent":0,"menu_order":0,"comment_status":"closed","ping_status":"closed","template":"","meta":{"_crdt_document":"","site-sidebar-layout":"default","site-content-layout":"","ast-site-content-layout":"default","site-content-style":"default","site-sidebar-style":"default","ast-global-header-display":"","ast-banner-title-visibility":"","ast-main-header-display":"","ast-hfb-above-header-display":"","ast-hfb-below-header-display":"","ast-hfb-mobile-header-display":"","site-post-title":"","ast-breadcrumbs-content":"","ast-featured-img":"","footer-sml-layout":"","ast-disable-related-posts":"","theme-transparent-header-meta":"","adv-header-id-meta":"","stick-header-meta":"","header-above-stick-meta":"","header-main-stick-meta":"","header-below-stick-meta":"","astra-migrate-meta-layouts":"default","ast-page-background-enabled":"default","ast-page-background-meta":{"desktop":{"background-color":"var(--ast-global-color-4)","background-image":"","background-repeat":"repeat","background-position":"center center","background-size":"auto","background-attachment":"scroll","background-type":"","background-media":"","overlay-type":"","overlay-color":"","overlay-opacity":"","overlay-gradient":""},"tablet":{"background-color":"","background-image":"","background-repeat":"repeat","background-position":"center center","background-size":"auto","background-attachment":"scroll","background-type":"","background-media":"","overlay-type":"","overlay-color":"","overlay-opacity":"","overlay-gradient":""},"mobile":{"background-color":"","background-image":"","background-repeat":"repeat","background-position":"center center","background-size":"auto","background-attachment":"scroll","background-type":"","background-media":"","overlay-type":"","overlay-color":"","overlay-opacity":"","overlay-gradient":""}},"ast-content-background-meta":{"desktop":{"background-color":"var(--ast-global-color-5)","background-image":"","background-repeat":"repeat","background-position":"center center","background-size":"auto","background-attachment":"scroll","background-type":"","background-media":"","overlay-type":"","overlay-color":"","overlay-opacity":"","overlay-gradient":""},"tablet":{"background-color":"var(--ast-global-color-5)","background-image":"","background-repeat":"repeat","background-position":"center center","background-size":"auto","background-attachment":"scroll","background-type":"","background-media":"","overlay-type":"","overlay-color":"","overlay-opacity":"","overlay-gradient":""},"mobile":{"background-color":"var(--ast-global-color-5)","background-image":"","background-repeat":"repeat","background-position":"center center","background-size":"auto","background-attachment":"scroll","background-type":"","background-media":"","overlay-type":"","overlay-color":"","overlay-opacity":"","overlay-gradient":""}},"footnotes":""},"class_list":["post-2763","page","type-page","status-publish","hentry"],"_links":{"self":[{"href":"https:\/\/www.greenuso.com\/blog\/pl\/wp-json\/wp\/v2\/pages\/2763","targetHints":{"allow":["GET"]}}],"collection":[{"href":"https:\/\/www.greenuso.com\/blog\/pl\/wp-json\/wp\/v2\/pages"}],"about":[{"href":"https:\/\/www.greenuso.com\/blog\/pl\/wp-json\/wp\/v2\/types\/page"}],"author":[{"embeddable":true,"href":"https:\/\/www.greenuso.com\/blog\/pl\/wp-json\/wp\/v2\/users\/1"}],"replies":[{"embeddable":true,"href":"https:\/\/www.greenuso.com\/blog\/pl\/wp-json\/wp\/v2\/comments?post=2763"}],"version-history":[{"count":7,"href":"https:\/\/www.greenuso.com\/blog\/pl\/wp-json\/wp\/v2\/pages\/2763\/revisions"}],"predecessor-version":[{"id":21822,"href":"https:\/\/www.greenuso.com\/blog\/pl\/wp-json\/wp\/v2\/pages\/2763\/revisions\/21822"}],"wp:attachment":[{"href":"https:\/\/www.greenuso.com\/blog\/pl\/wp-json\/wp\/v2\/media?parent=2763"}],"curies":[{"name":"wp","href":"https:\/\/api.w.org\/{rel}","templated":true}]}}