{"id":10674,"date":"2019-10-21T09:36:19","date_gmt":"2019-10-21T07:36:19","guid":{"rendered":"https:\/\/greenuso.com\/blog\/elementor-14\/"},"modified":"2022-10-25T11:45:21","modified_gmt":"2022-10-25T09:45:21","slug":"elementor-14","status":"publish","type":"page","link":"https:\/\/www.greenuso.com\/blog\/pt\/elementor-14\/","title":{"rendered":"BLOG MONOUSO"},"content":{"rendered":"\n<p class=\"wp-block-paragraph\">Promovemos a sustentabilidade no sector da hospitalidade, raz\u00e3o pela qual lan\u00e7\u00e1mos a nossa marca, Greenuso. Preocupados com a distribui\u00e7\u00e3o de embalagens amigas do ambiente, conseguimos reduzir consideravelmente o impacto ambiental. Para o conseguir, concentramo-nos em fornecer uma vasta gama de embalagens ecol\u00f3gicas feitas a partir de mat\u00e9rias-primas naturais.<\/p>\n\n\n\n<h2 class=\"wp-block-heading\"><a style=\"color:white\" href=\"https:\/\/greenuso.com\/blog\/pt\/noticias-pt\/\" target=\"_blank\" rel=\"noopener\">\ud83d\udcf0 Not\u00edcias ecol\u00f3gicas<\/a><\/h2>\n\n\n\n\n\n<div class=\"wp-block-column is-layout-flow wp-block-column-is-layout-flow\">\n<div class=\"wp-block-atomic-blocks-ab-cta ab-block-cta\" style=\"text-align: center;\">\n<div class=\"ab-cta-content\">\n<div class=\"ab-cta-text ab-font-size-32\" style=\"color: #32373c;\">\n<p>Os nossos produtos v\u00e3o desde copos descart\u00e1veis para bebidas, lou\u00e7a de mesa e caixas de alimentos a sacos de lixo, caixas de catering e sacos de transporte. A nossa gama de produtos \u00e9 extensa e, para garantir que respondemos sempre \u00e0s necessidades e desejos dos nossos clientes, est\u00e1 em constante expans\u00e3o. Beneficiar de uma marca forte e reconhec\u00edvel e de uma hist\u00f3ria clara.<\/p>\n<\/div>\n<\/div>\n<\/div>\n<\/div>\n\n\n<p><!-- \/wp:post-content --><\/p>\n<div class=\"wp-block-column\"><!-- wp:atomic-blocks\/ab-cta {\"buttonText\":\" \ud83d\udcdd Contacta con nosotros\",\"buttonBackgroundColor\":\"#00d084\"} \/--><\/div>\n<p><!-- \/wp:column --><\/p>\n<p><\/p>\n<p><!-- \/wp:columns --><\/p>\n<p><!-- wp:heading {\"align\":\"center\"} --><\/p>\n<h2 class=\"has-text-align-center\">Materiais ecol\u00f3gicos<\/h2>\n<p><!-- \/wp:heading --><\/p>\n<p><!-- wp:paragraph --><\/p>\n<p>Explicamos brevemente os materiais ecol\u00f3gicos que pode encontrar nos nossos produtos, contribuindo para um mundo melhor. Pode clicar em cada material para exibir a sua descri\u00e7\u00e3o.<\/p>\n<p><!-- \/wp:paragraph --><\/p>\n<p><!-- wp:atomic-blocks\/ab-accordion --><\/p>\n<div class=\"wp-block-atomic-blocks-ab-accordion ab-block-accordion\">\n<details>\n<summary class=\"ab-accordion-title\">Baga\u00e7o<\/summary>\n<div class=\"ab-accordion-text\">\n<p>O baga\u00e7o, tamb\u00e9m conhecido como polpa de cana de a\u00e7\u00facar, \u00e9 a fibra residual da produ\u00e7\u00e3o de a\u00e7\u00facar de cana. O seu elevado teor de celulose faz do baga\u00e7o um material extremamente forte e pode suportar temperaturas at\u00e9 100 graus Celsius, tanto em fornos convencionais como de microondas.<\/p>\n<p><!-- \/wp:paragraph --><\/p>\n<\/div>\n<\/details>\n<\/div>\n<p><!-- \/wp:atomic-blocks\/ab-accordion --><\/p>\n<p><!-- wp:atomic-blocks\/ab-accordion --><\/p>\n<div class=\"wp-block-atomic-blocks-ab-accordion ab-block-accordion\">\n<details>\n<summary class=\"ab-accordion-title\">Papel\u00e3o<\/summary>\n<div class=\"ab-accordion-text\">\n<p>O nosso papel\u00e3o \u00e9 feito de fibras de madeira prim\u00e1rias. O resultado \u00e9 um monomaterial ideal para a reciclagem. Os produtos de cart\u00e3o Greenuso\u00ae podem ser eliminados com o papel velho.<\/p>\n<p><!-- \/wp:paragraph --><\/p>\n<\/div>\n<\/details>\n<\/div>\n<p><!-- \/wp:atomic-blocks\/ab-accordion --><\/p>\n<p><!-- wp:atomic-blocks\/ab-accordion --><\/p>\n<div class=\"wp-block-atomic-blocks-ab-accordion ab-block-accordion\">\n<details>\n<summary class=\"ab-accordion-title\">PLA<\/summary>\n<div class=\"ab-accordion-text\">\n<p>Um pl\u00e1stico biol\u00f3gico derivado do amido. A vers\u00e3o resistente ao calor (at\u00e9 85 graus Celsius) do PLA \u00e9 C-PLA. O C-PLA \u00e9 branco devido \u00e0 adi\u00e7\u00e3o de giz. Uma vez que tanto o PLA como o C-PLA s\u00e3o biodegrad\u00e1veis numa instala\u00e7\u00e3o de compostagem industrial, os artigos feitos a partir destes materiais ostentam o log\u00f3tipo das pl\u00e2ntulas.<\/p>\n<p><!-- \/wp:paragraph --><\/p>\n<\/div>\n<\/details>\n<\/div>\n<p><!-- \/wp:atomic-blocks\/ab-accordion --><\/p>\n<p><!-- wp:atomic-blocks\/ab-accordion --><\/p>\n<div class=\"wp-block-atomic-blocks-ab-accordion ab-block-accordion\">\n<details>\n<summary class=\"ab-accordion-title\">Biopl\u00e1sticos compost\u00e1veis<\/summary>\n<div class=\"ab-accordion-text\">\n<p>Biopl\u00e1stico \u00e9 o nome colectivo de v\u00e1rios tipos de pl\u00e1sticos feitos a partir de plantas. Os biopl\u00e1sticos Greenuso\u00ae ostentam o log\u00f3tipo das pl\u00e2ntulas e o log\u00f3tipo compost\u00e1vel. Isto significa que os produtos podem ser compostados quer numa instala\u00e7\u00e3o industrial quer num caixote do lixo de jardim.<\/p>\n<p><!-- \/wp:paragraph --><\/p>\n<\/div>\n<\/details>\n<\/div>\n<p><!-- \/wp:atomic-blocks\/ab-accordion --><\/p>\n<p><!-- wp:atomic-blocks\/ab-accordion --><\/p>\n<div class=\"wp-block-atomic-blocks-ab-accordion ab-block-accordion\">\n<details>\n<summary class=\"ab-accordion-title\">Papel Kraft<\/summary>\n<div class=\"ab-accordion-text\">\n<p>O papel Kraft \u00e9 feito de papel n\u00e3o branqueado FSC\u00ae. O material castanho tem um aspecto natural e \u00e9 facilmente compostado. Para tornar o papel kraft resistente \u00e0 humidade e \u00e0 gordura, \u00e9 acrescentado um revestimento PLA.<\/p>\n<p><!-- \/wp:paragraph --><\/p>\n<\/div>\n<\/details>\n<\/div>\n<p><!-- \/wp:atomic-blocks\/ab-accordion --><\/p>\n<p><!-- wp:atomic-blocks\/ab-accordion --><\/p>\n<div class=\"wp-block-atomic-blocks-ab-accordion ab-block-accordion\">\n<details>\n<summary class=\"ab-accordion-title\">Pasta de papel<\/summary>\n<div class=\"ab-accordion-text\">\n<p>A pasta \u00e9 feita de papel e cart\u00e3o reciclado. Ap\u00f3s utiliza\u00e7\u00e3o, este material pode ser eliminado com o papel antigo.<\/p>\n<p><!-- \/wp:paragraph --><\/p>\n<\/div>\n<\/details>\n<\/div>\n<p><!-- \/wp:atomic-blocks\/ab-accordion --><\/p>\n<p><!-- wp:atomic-blocks\/ab-accordion --><\/p>\n<div class=\"wp-block-atomic-blocks-ab-accordion ab-block-accordion\">\n<details>\n<summary class=\"ab-accordion-title\">Folha de palma<\/summary>\n<div class=\"ab-accordion-text\">\n<p>No passado, as folhas das palmeiras eram queimadas. Actualmente, este produto excepcional tem uma nova vida como material de embalagem. Gra\u00e7as \u00e0 varia\u00e7\u00e3o natural das folhas de palma, cada item \u00e9 \u00fanico.<\/p>\n<p><!-- \/wp:paragraph --><\/p>\n<\/div>\n<\/details>\n<\/div>\n<p><!-- \/wp:atomic-blocks\/ab-accordion --><\/p>\n<p><!-- wp:atomic-blocks\/ab-accordion --><\/p>\n<div class=\"wp-block-atomic-blocks-ab-accordion ab-block-accordion\">\n<details>\n<summary class=\"ab-accordion-title\">Madeira<\/summary>\n<div class=\"ab-accordion-text\">\n<p>Utilizamos principalmente madeira certificada FSC\u00ae proveniente de florestas geridas de forma respons\u00e1vel. A madeira \u00e9 muito resistente, pode suportar temperaturas de at\u00e9 100 oC num forno convencional ou de microondas e pode tamb\u00e9m ser colocada no congelador.<\/p>\n<p><!-- \/wp:paragraph --><\/p>\n<\/div>\n<\/details>\n<\/div>\n<p><!-- \/wp:atomic-blocks\/ab-accordion --><\/p>\n<p><!-- wp:atomic-blocks\/ab-accordion --><\/p>\n<div class=\"wp-block-atomic-blocks-ab-accordion ab-block-accordion\">\n<details>\n<summary class=\"ab-accordion-title\">Bambu<\/summary>\n<div class=\"ab-accordion-text\">\n<p>O r\u00e1pido crescimento do bambu torna-o uma mat\u00e9ria-prima adequada. Todos os nossos produtos de bambu s\u00e3o certificados FSC\u00ae e compost\u00e1veis. Os produtos de bambu s\u00e3o tamb\u00e9m muito fortes, de sabor neutro, \u00e0 prova de gordura e de \u00e1gua e podem resistir a temperaturas at\u00e9 200 oC num forno convencional ou de microondas.<\/p>\n<p><!-- \/wp:paragraph --><\/p>\n<\/div>\n<\/details>\n<\/div>\n<p><!-- \/wp:atomic-blocks\/ab-accordion --><\/p>\n<p><!-- wp:heading {\"align\":\"center\"} --><\/p>\n<h2 class=\"has-text-align-center\">\ud83d\udcd6 Certifica\u00e7\u00f5es \ud83e\udd47<\/h2>\n<div class=\"wp-block-columns\">\n<div class=\"wp-block-column\">\n<div class=\"wp-block-image\">\n<figure class=\"aligncenter size-large is-resized\"><img loading=\"lazy\" decoding=\"async\" class=\"wp-image-458\" src=\"http:\/\/greenuso.com\/blog\/wp-content\/uploads\/2019\/10\/TUV-AUSTRIA-OK-COMPOST-HOME.jpg\" alt=\"TUV AUSTRIA OK COMPOST HOME\" width=\"161\" height=\"121\" srcset=\"https:\/\/www.greenuso.com\/blog\/wp-content\/uploads\/2019\/10\/TUV-AUSTRIA-OK-COMPOST-HOME.jpg 200w, https:\/\/www.greenuso.com\/blog\/wp-content\/uploads\/2019\/10\/TUV-AUSTRIA-OK-COMPOST-HOME-75x56.jpg 75w, https:\/\/www.greenuso.com\/blog\/wp-content\/uploads\/2019\/10\/TUV-AUSTRIA-OK-COMPOST-HOME-150x113.jpg 150w\" sizes=\"auto, (max-width: 161px) 100vw, 161px\" \/><\/figure>\n<\/div>\n<p><!-- \/wp:image --><\/p>\n<p><!-- wp:heading {\"align\":\"center\",\"level\":3} --><\/p>\n<h3 class=\"has-text-align-center\">OK Home Compost TUV \u00c1ustria<\/h3>\n<p><!-- \/wp:heading --><\/p>\n<p><!-- wp:paragraph --><\/p>\n<p>A TUV \u00c1USTRIA tem um programa de certifica\u00e7\u00e3o reconhecido para a reciclagem org\u00e2nica em casa. Recipientes e descart\u00e1veis com o log\u00f3tipo OK COMPOST HOME TUV AUSTRIA s\u00e3o adequados para compostagem dom\u00e9stica.<\/p>\n<p><!-- \/wp:paragraph --><\/p>\n<p><!-- wp:image {\"align\":\"center\",\"id\":461,\"width\":119,\"height\":88,\"sizeSlug\":\"large\"} --><\/p>\n<div class=\"wp-block-image\">\n<figure class=\"aligncenter size-large is-resized\"><img loading=\"lazy\" decoding=\"async\" class=\"wp-image-461\" src=\"http:\/\/greenuso.com\/blog\/wp-content\/uploads\/2019\/10\/Seedling-logo.jpg\" alt=\"Seedling logo\" width=\"119\" height=\"88\" srcset=\"https:\/\/www.greenuso.com\/blog\/wp-content\/uploads\/2019\/10\/Seedling-logo.jpg 200w, https:\/\/www.greenuso.com\/blog\/wp-content\/uploads\/2019\/10\/Seedling-logo-75x56.jpg 75w\" sizes=\"auto, (max-width: 119px) 100vw, 119px\" \/><\/figure>\n<\/div>\n<p><!-- \/wp:image --><\/p>\n<p><!-- wp:heading {\"align\":\"center\",\"level\":3} --><\/p>\n<h3 class=\"has-text-align-center\">Logotipo das pl\u00e2ntulas<\/h3>\n<p><!-- \/wp:heading --><\/p>\n<p><!-- wp:paragraph --><\/p>\n<p>Os materiais de embalagem compost\u00e1veis s\u00e3o materiais que cumprem a norma EN 13432. Apenas embalagens e descart\u00e1veis certificadas EN 13432 podem utilizar o log\u00f3tipo da pl\u00e2ntula e\/ou o log\u00f3tipo OK COMPOST. Ambos os log\u00f3tipos mostram que o produto pode ser compostado num ambiente industrial.<\/p>\n<p><!-- \/wp:paragraph --><\/p>\n<\/div>\n<p><!-- \/wp:column --><\/p>\n<p><!-- wp:column --><\/p>\n<div class=\"wp-block-column\"><!-- wp:image {\"align\":\"center\",\"id\":460,\"width\":154,\"height\":114,\"sizeSlug\":\"large\"} --><p><\/p>\n<div class=\"wp-block-image\">\n<figure class=\"aligncenter size-large is-resized\"><img loading=\"lazy\" decoding=\"async\" class=\"wp-image-460\" src=\"http:\/\/greenuso.com\/blog\/wp-content\/uploads\/2019\/10\/TUV-AUSTRIA-OK-COMPOST-LOGO.jpg\" alt=\"TUV AUSTRIA OK COMPOST LOGO\" width=\"154\" height=\"114\"><\/figure>\n<\/div>\n<p><!-- \/wp:image --><\/p>\n<p><!-- wp:heading {\"align\":\"center\",\"level\":3} --><\/p>\n<h3 class=\"has-text-align-center\">OK Composto Industrial TUV \u00c1ustria<\/h3>\n<p><!-- \/wp:heading --><\/p>\n<p><!-- wp:paragraph --><\/p>\n<p>Os materiais de embalagem compost\u00e1veis s\u00e3o materiais que cumprem a norma EN 13432. Apenas as embalagens e os descart\u00e1veis que tenham sido certificados de acordo com a norma EN 13432 podem utilizar a pl\u00e2ntula e\/ou o log\u00f3tipo OK COMPOST da TUV \u00c1USTRIA. Ambos os log\u00f3tipos mostram que o produto pode ser compostado industrialmente.<\/p>\n<p><!-- \/wp:paragraph --><\/p>\n<p><!-- wp:image {\"align\":\"center\",\"id\":462,\"width\":180,\"height\":134,\"sizeSlug\":\"large\"} --><\/p>\n<div class=\"wp-block-image\">\n<figure class=\"aligncenter size-large is-resized\"><img loading=\"lazy\" decoding=\"async\" class=\"wp-image-462\" src=\"http:\/\/greenuso.com\/blog\/wp-content\/uploads\/2019\/10\/FSC-certified.jpg\" alt=\"FSC certified\" width=\"180\" height=\"134\" srcset=\"https:\/\/www.greenuso.com\/blog\/wp-content\/uploads\/2019\/10\/FSC-certified.jpg 200w, https:\/\/www.greenuso.com\/blog\/wp-content\/uploads\/2019\/10\/FSC-certified-75x56.jpg 75w, https:\/\/www.greenuso.com\/blog\/wp-content\/uploads\/2019\/10\/FSC-certified-150x113.jpg 150w\" sizes=\"auto, (max-width: 180px) 100vw, 180px\" \/><\/figure>\n<\/div>\n<p><!-- \/wp:image --><\/p>\n<p><!-- wp:heading {\"align\":\"center\",\"level\":3} --><\/p>\n<h3 class=\"has-text-align-center\">FSC &amp; PEFC<\/h3>\n<p><!-- \/wp:heading --><\/p>\n<p><!-- wp:paragraph --><\/p>\n<p>Os produtos certificados FSC s\u00e3o feitos de madeira e mat\u00e9rias-primas relacionadas com a madeira, tais como papel e cart\u00e3o que prov\u00eam de florestas geridas de forma sustent\u00e1vel.<\/p>\n<p><!-- \/wp:paragraph --><\/p>\n<\/div>\n<p><!-- \/wp:column --><\/p>\n<\/div>\n<p><!-- \/wp:columns --><\/p>\n<p><!-- wp:columns --><\/p>\n<div class=\"wp-block-columns\"><!-- wp:column --><p><\/p>\n<div class=\"wp-block-column\"><!-- wp:image {\"align\":\"center\",\"id\":48,\"sizeSlug\":\"large\",\"className\":\"is-style-circle-mask\"} --><p><\/p>\n<div class=\"wp-block-image is-style-circle-mask\">&nbsp;<\/div>\n<p><!-- \/wp:image --><\/p>\n<\/div>\n<p><!-- \/wp:column --><\/p>\n<p><!-- wp:column --><\/p>\n<div class=\"wp-block-column\"><!-- wp:heading {\"level\":3} --><p><\/p>\n<h3>Servi\u00e7o alimentar<\/h3>\n<p><!-- \/wp:heading --><\/p>\n<p><!-- wp:paragraph --><\/p>\n<p>Os produtos Greenuso\u00ae s\u00e3o essenciais para os profissionais da restaura\u00e7\u00e3o e restaura\u00e7\u00e3o que valorizam a autenticidade e a pureza natural. Biodore\u00ae \u00e9 tamb\u00e9m o criador de ambientes naturais em festivais e eventos. Experimente e experimente a natureza!<\/p>\n<p><!-- \/wp:paragraph --><\/p>\n<\/div>\n<p><!-- \/wp:column --><\/p>\n<\/div>\n<p><!-- \/wp:columns --><\/p>\n<p><!-- wp:columns --><\/p>\n<div class=\"wp-block-columns\"><!-- wp:column --><p><\/p>\n<div class=\"wp-block-column\"><!-- wp:heading {\"level\":3} --><p><\/p>\n<h3>Escrit\u00f3rio \/ Instala\u00e7\u00f5es<\/h3>\n<p><!-- \/wp:heading --><\/p>\n<p><!-- wp:paragraph --><\/p>\n<p>A embalagem \u00e9 uma excelente forma de comunicar a sua Responsabilidade Social Empresarial. Greenuso\u00ae pode ajudar. Deixe os seus empregados e clientes verem que est\u00e1 envolvido com o mundo natural e a sociedade.<\/p>\n<p><!-- \/wp:paragraph --><\/p>\n<\/div>\n<p><!-- \/wp:column --><\/p>\n<p><!-- wp:column --><\/p>\n<div class=\"wp-block-column\"><!-- wp:image {\"align\":\"center\",\"id\":1365,\"width\":370,\"height\":157,\"sizeSlug\":\"large\",\"className\":\"is-style-circle-mask\"} --><p><\/p>\n<div class=\"wp-block-image is-style-circle-mask\">\n<figure class=\"aligncenter size-large is-resized\"><\/figure>\n<\/div>\n<p><!-- \/wp:image --><\/p>\n<\/div>\n<p><!-- \/wp:column --><\/p>\n<\/div>\n<p><!-- \/wp:columns --><\/p>\n<p><!-- wp:columns --><\/p>\n<div class=\"wp-block-columns\"><!-- wp:column --><p><\/p>\n<div class=\"wp-block-column\"><!-- wp:image {\"align\":\"center\",\"id\":46,\"sizeSlug\":\"large\",\"className\":\"is-style-circle-mask\"} --><p><\/p>\n<div class=\"wp-block-image is-style-circle-mask\">\n<figure class=\"aligncenter size-large\"><\/figure>\n<\/div>\n<p><!-- \/wp:image --><\/p>\n<\/div>\n<p><!-- \/wp:column --><\/p>\n<p><!-- wp:column --><\/p>\n<div class=\"wp-block-column\"><!-- wp:heading {\"level\":3} --><p><\/p>\n<h3>Retalho<\/h3>\n<p><!-- \/wp:heading --><\/p>\n<p><!-- wp:paragraph --><\/p>\n<p>Oferecemos uma s\u00e9rie de embalagens a retalho, especialmente para vendas directas aos consumidores. Teremos todo o prazer em aconselh\u00e1-lo sobre a melhor apresenta\u00e7\u00e3o na prateleira e ajud\u00e1-lo com campanhas (sazonais).<\/p>\n<p><!-- \/wp:paragraph --><\/p>\n<\/div>\n<p><!-- \/wp:column --><\/p>\n<\/div>\n<p><!-- \/wp:columns --><\/p>\n<p><!-- wp:columns --><\/p>\n<div class=\"wp-block-columns\"><!-- wp:column --><p><\/p>\n<div class=\"wp-block-column\"><!-- wp:heading {\"level\":3} --><p><\/p>\n<h3>Retalho n\u00e3o alimentar<\/h3>\n<p><!-- \/wp:heading --><\/p>\n<p><!-- wp:paragraph --><\/p>\n<p>Os n\u00e3o-alimentares t\u00eam um gosto pela embalagem. Vemos regularmente produtos Greenuso\u00ae utilizados como base para embalagens de oferta \u00fanicas.<\/p>\n<\/div>\n<\/div>\n<div class=\"wp-block-group alignwide\">\n<div class=\"wp-block-group__inner-container\">\n<p><!-- \/wp:gallery --><\/p>\n<\/div>\n<\/div>\n<p><!-- \/wp:group --><\/p>","protected":false},"excerpt":{"rendered":"<p>Promovemos a sustentabilidade no sector da hospitalidade, raz\u00e3o pela qual lan\u00e7\u00e1mos a nossa marca, Greenuso. Preocupados com a distribui\u00e7\u00e3o de embalagens amigas do ambiente, consegu\u2026<\/p>\n","protected":false},"author":1,"featured_media":0,"parent":0,"menu_order":0,"comment_status":"closed","ping_status":"closed","template":"","meta":{"_crdt_document":"","site-sidebar-layout":"default","site-content-layout":"","ast-site-content-layout":"default","site-content-style":"default","site-sidebar-style":"default","ast-global-header-display":"","ast-banner-title-visibility":"","ast-main-header-display":"","ast-hfb-above-header-display":"","ast-hfb-below-header-display":"","ast-hfb-mobile-header-display":"","site-post-title":"","ast-breadcrumbs-content":"","ast-featured-img":"","footer-sml-layout":"","ast-disable-related-posts":"","theme-transparent-header-meta":"","adv-header-id-meta":"","stick-header-meta":"","header-above-stick-meta":"","header-main-stick-meta":"","header-below-stick-meta":"","astra-migrate-meta-layouts":"default","ast-page-background-enabled":"default","ast-page-background-meta":{"desktop":{"background-color":"var(--ast-global-color-4)","background-image":"","background-repeat":"repeat","background-position":"center center","background-size":"auto","background-attachment":"scroll","background-type":"","background-media":"","overlay-type":"","overlay-color":"","overlay-opacity":"","overlay-gradient":""},"tablet":{"background-color":"","background-image":"","background-repeat":"repeat","background-position":"center center","background-size":"auto","background-attachment":"scroll","background-type":"","background-media":"","overlay-type":"","overlay-color":"","overlay-opacity":"","overlay-gradient":""},"mobile":{"background-color":"","background-image":"","background-repeat":"repeat","background-position":"center center","background-size":"auto","background-attachment":"scroll","background-type":"","background-media":"","overlay-type":"","overlay-color":"","overlay-opacity":"","overlay-gradient":""}},"ast-content-background-meta":{"desktop":{"background-color":"var(--ast-global-color-5)","background-image":"","background-repeat":"repeat","background-position":"center center","background-size":"auto","background-attachment":"scroll","background-type":"","background-media":"","overlay-type":"","overlay-color":"","overlay-opacity":"","overlay-gradient":""},"tablet":{"background-color":"var(--ast-global-color-5)","background-image":"","background-repeat":"repeat","background-position":"center center","background-size":"auto","background-attachment":"scroll","background-type":"","background-media":"","overlay-type":"","overlay-color":"","overlay-opacity":"","overlay-gradient":""},"mobile":{"background-color":"var(--ast-global-color-5)","background-image":"","background-repeat":"repeat","background-position":"center center","background-size":"auto","background-attachment":"scroll","background-type":"","background-media":"","overlay-type":"","overlay-color":"","overlay-opacity":"","overlay-gradient":""}},"footnotes":""},"class_list":["post-10674","page","type-page","status-publish","hentry"],"_links":{"self":[{"href":"https:\/\/www.greenuso.com\/blog\/pt\/wp-json\/wp\/v2\/pages\/10674","targetHints":{"allow":["GET"]}}],"collection":[{"href":"https:\/\/www.greenuso.com\/blog\/pt\/wp-json\/wp\/v2\/pages"}],"about":[{"href":"https:\/\/www.greenuso.com\/blog\/pt\/wp-json\/wp\/v2\/types\/page"}],"author":[{"embeddable":true,"href":"https:\/\/www.greenuso.com\/blog\/pt\/wp-json\/wp\/v2\/users\/1"}],"replies":[{"embeddable":true,"href":"https:\/\/www.greenuso.com\/blog\/pt\/wp-json\/wp\/v2\/comments?post=10674"}],"version-history":[{"count":8,"href":"https:\/\/www.greenuso.com\/blog\/pt\/wp-json\/wp\/v2\/pages\/10674\/revisions"}],"predecessor-version":[{"id":21831,"href":"https:\/\/www.greenuso.com\/blog\/pt\/wp-json\/wp\/v2\/pages\/10674\/revisions\/21831"}],"wp:attachment":[{"href":"https:\/\/www.greenuso.com\/blog\/pt\/wp-json\/wp\/v2\/media?parent=10674"}],"curies":[{"name":"wp","href":"https:\/\/api.w.org\/{rel}","templated":true}]}}